{"id":15464,"date":"2023-07-28T10:35:48","date_gmt":"2023-07-28T10:35:48","guid":{"rendered":"https:\/\/translationexcellence.com\/ingenieria\/"},"modified":"2025-04-14T13:04:46","modified_gmt":"2025-04-14T13:04:46","slug":"ingenieria","status":"publish","type":"page","link":"https:\/\/translationexcellence.com\/es\/industrias\/ingenieria\/","title":{"rendered":"Ingenier\u00eda"},"content":{"rendered":"\t\t<div data-elementor-type=\"wp-page\" data-elementor-id=\"15464\" class=\"elementor elementor-15464 elementor-1656\" data-elementor-post-type=\"page\">\n\t\t\t\t<div class=\"elementor-element elementor-element-08057bf e-flex e-con-boxed e-con e-parent\" data-id=\"08057bf\" data-element_type=\"container\" data-e-type=\"container\">\n\t\t\t\t\t<div class=\"e-con-inner\">\n\t\t\t\t<div class=\"elementor-element elementor-element-1a28a56 elementor-widget elementor-widget-heading\" data-id=\"1a28a56\" data-element_type=\"widget\" data-e-type=\"widget\" data-widget_type=\"heading.default\">\n\t\t\t\t<div class=\"elementor-widget-container\">\n\t\t\t\t\t<h1 class=\"elementor-heading-title elementor-size-default\">Ingenier\u00eda - Translation Excellence<\/h1>\t\t\t\t<\/div>\n\t\t\t\t<\/div>\n\t\t\t\t\t<\/div>\n\t\t\t\t<\/div>\n\t\t\t\t<\/div>\n\t\t","protected":false},"excerpt":{"rendered":"<p>Ingenier\u00eda &#8211; Translation Excellence<\/p>\n","protected":false},"author":1,"featured_media":32232,"parent":17805,"menu_order":0,"comment_status":"open","ping_status":"open","template":"elementor_header_footer","meta":{"_acf_changed":false,"site-sidebar-layout":"no-sidebar","site-content-layout":"plain-container","ast-site-content-layout":"normal-width-container","site-content-style":"unboxed","site-sidebar-style":"unboxed","ast-global-header-display":"","ast-banner-title-visibility":"","ast-main-header-display":"","ast-hfb-above-header-display":"","ast-hfb-below-header-display":"","ast-hfb-mobile-header-display":"","site-post-title":"disabled","ast-breadcrumbs-content":"","ast-featured-img":"disabled","footer-sml-layout":"","ast-disable-related-posts":"","theme-transparent-header-meta":"enabled","adv-header-id-meta":"","stick-header-meta":"","header-above-stick-meta":"","header-main-stick-meta":"","header-below-stick-meta":"","astra-migrate-meta-layouts":"set","ast-page-background-enabled":"default","ast-page-background-meta":{"desktop":{"background-color":"var(--ast-global-color-4)","background-image":"","background-repeat":"repeat","background-position":"center center","background-size":"auto","background-attachment":"scroll","background-type":"","background-media":"","overlay-type":"","overlay-color":"","overlay-opacity":"","overlay-gradient":""},"tablet":{"background-color":"","background-image":"","background-repeat":"repeat","background-position":"center center","background-size":"auto","background-attachment":"scroll","background-type":"","background-media":"","overlay-type":"","overlay-color":"","overlay-opacity":"","overlay-gradient":""},"mobile":{"background-color":"","background-image":"","background-repeat":"repeat","background-position":"center center","background-size":"auto","background-attachment":"scroll","background-type":"","background-media":"","overlay-type":"","overlay-color":"","overlay-opacity":"","overlay-gradient":""}},"ast-content-background-meta":{"desktop":{"background-color":"var(--ast-global-color-5)","background-image":"","background-repeat":"repeat","background-position":"center center","background-size":"auto","background-attachment":"scroll","background-type":"","background-media":"","overlay-type":"","overlay-color":"","overlay-opacity":"","overlay-gradient":""},"tablet":{"background-color":"var(--ast-global-color-5)","background-image":"","background-repeat":"repeat","background-position":"center center","background-size":"auto","background-attachment":"scroll","background-type":"","background-media":"","overlay-type":"","overlay-color":"","overlay-opacity":"","overlay-gradient":""},"mobile":{"background-color":"var(--ast-global-color-5)","background-image":"","background-repeat":"repeat","background-position":"center center","background-size":"auto","background-attachment":"scroll","background-type":"","background-media":"","overlay-type":"","overlay-color":"","overlay-opacity":"","overlay-gradient":""}},"footnotes":""},"class_list":["post-15464","page","type-page","status-publish","has-post-thumbnail","hentry"],"acf":[],"yoast_head":"<!-- This site is optimized with the Yoast SEO plugin v27.2 - https:\/\/yoast.com\/product\/yoast-seo-wordpress\/ -->\n<title>Ingenier\u00eda - Translation Excellence<\/title>\n<meta name=\"description\" content=\"Translation Excellence ofrece servicios ling\u00fc\u00edsticos especializados para el sector de la ingenier\u00eda, brindando traducci\u00f3n, interpretaci\u00f3n y soporte t\u00e9cnico en varios idiomas.\" \/>\n<meta name=\"robots\" content=\"index, follow, max-snippet:-1, max-image-preview:large, max-video-preview:-1\" \/>\n<link rel=\"canonical\" href=\"https:\/\/translationexcellence.com\/es\/industrias\/ingenieria\/\" \/>\n<meta property=\"og:locale\" content=\"es_ES\" \/>\n<meta property=\"og:type\" content=\"article\" \/>\n<meta property=\"og:title\" content=\"Ingenier\u00eda - Translation Excellence\" \/>\n<meta property=\"og:description\" content=\"Translation Excellence ofrece servicios ling\u00fc\u00edsticos especializados para el sector de la ingenier\u00eda, brindando traducci\u00f3n, interpretaci\u00f3n y soporte t\u00e9cnico en varios idiomas.\" \/>\n<meta property=\"og:url\" content=\"https:\/\/translationexcellence.com\/es\/industrias\/ingenieria\/\" \/>\n<meta property=\"og:site_name\" content=\"Translation Excellence\" \/>\n<meta property=\"article:modified_time\" content=\"2025-04-14T13:04:46+00:00\" \/>\n<meta name=\"twitter:card\" content=\"summary_large_image\" \/>\n<meta name=\"twitter:label1\" content=\"Tiempo de lectura\" \/>\n\t<meta name=\"twitter:data1\" content=\"1 minuto\" \/>\n<script type=\"application\/ld+json\" class=\"yoast-schema-graph\">{\"@context\":\"https:\/\/schema.org\",\"@graph\":[{\"@type\":\"WebPage\",\"@id\":\"https:\/\/translationexcellence.com\/es\/industrias\/ingenieria\/\",\"url\":\"https:\/\/translationexcellence.com\/es\/industrias\/ingenieria\/\",\"name\":\"Ingenier\u00eda - Translation Excellence\",\"isPartOf\":{\"@id\":\"https:\/\/translationexcellence.com\/es\/#website\"},\"primaryImageOfPage\":{\"@id\":\"https:\/\/translationexcellence.com\/es\/industrias\/ingenieria\/#primaryimage\"},\"image\":{\"@id\":\"https:\/\/translationexcellence.com\/es\/industrias\/ingenieria\/#primaryimage\"},\"thumbnailUrl\":\"https:\/\/translationexcellence.com\/wp-content\/uploads\/2025\/10\/Blogs-Feature-Images-13.png\",\"datePublished\":\"2023-07-28T10:35:48+00:00\",\"dateModified\":\"2025-04-14T13:04:46+00:00\",\"description\":\"Translation Excellence ofrece servicios ling\u00fc\u00edsticos especializados para el sector de la ingenier\u00eda, brindando traducci\u00f3n, interpretaci\u00f3n y soporte t\u00e9cnico en varios idiomas.\",\"breadcrumb\":{\"@id\":\"https:\/\/translationexcellence.com\/es\/industrias\/ingenieria\/#breadcrumb\"},\"inLanguage\":\"es\",\"potentialAction\":[{\"@type\":\"ReadAction\",\"target\":[\"https:\/\/translationexcellence.com\/es\/industrias\/ingenieria\/\"]}]},{\"@type\":\"ImageObject\",\"inLanguage\":\"es\",\"@id\":\"https:\/\/translationexcellence.com\/es\/industrias\/ingenieria\/#primaryimage\",\"url\":\"https:\/\/translationexcellence.com\/wp-content\/uploads\/2025\/10\/Blogs-Feature-Images-13.png\",\"contentUrl\":\"https:\/\/translationexcellence.com\/wp-content\/uploads\/2025\/10\/Blogs-Feature-Images-13.png\",\"width\":1200,\"height\":628},{\"@type\":\"BreadcrumbList\",\"@id\":\"https:\/\/translationexcellence.com\/es\/industrias\/ingenieria\/#breadcrumb\",\"itemListElement\":[{\"@type\":\"ListItem\",\"position\":1,\"name\":\"Home\",\"item\":\"https:\/\/translationexcellence.com\/es\/\"},{\"@type\":\"ListItem\",\"position\":2,\"name\":\"Industrias\",\"item\":\"https:\/\/translationexcellence.com\/es\/industrias\/\"},{\"@type\":\"ListItem\",\"position\":3,\"name\":\"Ingenier\u00eda\"}]},{\"@type\":\"WebSite\",\"@id\":\"https:\/\/translationexcellence.com\/es\/#website\",\"url\":\"https:\/\/translationexcellence.com\/es\/\",\"name\":\"Translation Excellence\",\"description\":\"\",\"publisher\":{\"@id\":\"https:\/\/translationexcellence.com\/es\/#organization\"},\"potentialAction\":[{\"@type\":\"SearchAction\",\"target\":{\"@type\":\"EntryPoint\",\"urlTemplate\":\"https:\/\/translationexcellence.com\/es\/?s={search_term_string}\"},\"query-input\":{\"@type\":\"PropertyValueSpecification\",\"valueRequired\":true,\"valueName\":\"search_term_string\"}}],\"inLanguage\":\"es\"},{\"@type\":\"Organization\",\"@id\":\"https:\/\/translationexcellence.com\/es\/#organization\",\"name\":\"Translation Excellence\",\"url\":\"https:\/\/translationexcellence.com\/es\/\",\"logo\":{\"@type\":\"ImageObject\",\"inLanguage\":\"es\",\"@id\":\"https:\/\/translationexcellence.com\/es\/#\/schema\/logo\/image\/\",\"url\":\"https:\/\/translationexcellence.com\/wp-content\/uploads\/2023\/07\/Image-1.png\",\"contentUrl\":\"https:\/\/translationexcellence.com\/wp-content\/uploads\/2023\/07\/Image-1.png\",\"width\":274,\"height\":80,\"caption\":\"Translation Excellence\"},\"image\":{\"@id\":\"https:\/\/translationexcellence.com\/es\/#\/schema\/logo\/image\/\"}}]}<\/script>\n<!-- \/ Yoast SEO plugin. -->","yoast_head_json":{"title":"Ingenier\u00eda - Translation Excellence","description":"Translation Excellence ofrece servicios ling\u00fc\u00edsticos especializados para el sector de la ingenier\u00eda, brindando traducci\u00f3n, interpretaci\u00f3n y soporte t\u00e9cnico en varios idiomas.","robots":{"index":"index","follow":"follow","max-snippet":"max-snippet:-1","max-image-preview":"max-image-preview:large","max-video-preview":"max-video-preview:-1"},"canonical":"https:\/\/translationexcellence.com\/es\/industrias\/ingenieria\/","og_locale":"es_ES","og_type":"article","og_title":"Ingenier\u00eda - Translation Excellence","og_description":"Translation Excellence ofrece servicios ling\u00fc\u00edsticos especializados para el sector de la ingenier\u00eda, brindando traducci\u00f3n, interpretaci\u00f3n y soporte t\u00e9cnico en varios idiomas.","og_url":"https:\/\/translationexcellence.com\/es\/industrias\/ingenieria\/","og_site_name":"Translation Excellence","article_modified_time":"2025-04-14T13:04:46+00:00","twitter_card":"summary_large_image","twitter_misc":{"Tiempo de lectura":"1 minuto"},"schema":{"@context":"https:\/\/schema.org","@graph":[{"@type":"WebPage","@id":"https:\/\/translationexcellence.com\/es\/industrias\/ingenieria\/","url":"https:\/\/translationexcellence.com\/es\/industrias\/ingenieria\/","name":"Ingenier\u00eda - Translation Excellence","isPartOf":{"@id":"https:\/\/translationexcellence.com\/es\/#website"},"primaryImageOfPage":{"@id":"https:\/\/translationexcellence.com\/es\/industrias\/ingenieria\/#primaryimage"},"image":{"@id":"https:\/\/translationexcellence.com\/es\/industrias\/ingenieria\/#primaryimage"},"thumbnailUrl":"https:\/\/translationexcellence.com\/wp-content\/uploads\/2025\/10\/Blogs-Feature-Images-13.png","datePublished":"2023-07-28T10:35:48+00:00","dateModified":"2025-04-14T13:04:46+00:00","description":"Translation Excellence ofrece servicios ling\u00fc\u00edsticos especializados para el sector de la ingenier\u00eda, brindando traducci\u00f3n, interpretaci\u00f3n y soporte t\u00e9cnico en varios idiomas.","breadcrumb":{"@id":"https:\/\/translationexcellence.com\/es\/industrias\/ingenieria\/#breadcrumb"},"inLanguage":"es","potentialAction":[{"@type":"ReadAction","target":["https:\/\/translationexcellence.com\/es\/industrias\/ingenieria\/"]}]},{"@type":"ImageObject","inLanguage":"es","@id":"https:\/\/translationexcellence.com\/es\/industrias\/ingenieria\/#primaryimage","url":"https:\/\/translationexcellence.com\/wp-content\/uploads\/2025\/10\/Blogs-Feature-Images-13.png","contentUrl":"https:\/\/translationexcellence.com\/wp-content\/uploads\/2025\/10\/Blogs-Feature-Images-13.png","width":1200,"height":628},{"@type":"BreadcrumbList","@id":"https:\/\/translationexcellence.com\/es\/industrias\/ingenieria\/#breadcrumb","itemListElement":[{"@type":"ListItem","position":1,"name":"Home","item":"https:\/\/translationexcellence.com\/es\/"},{"@type":"ListItem","position":2,"name":"Industrias","item":"https:\/\/translationexcellence.com\/es\/industrias\/"},{"@type":"ListItem","position":3,"name":"Ingenier\u00eda"}]},{"@type":"WebSite","@id":"https:\/\/translationexcellence.com\/es\/#website","url":"https:\/\/translationexcellence.com\/es\/","name":"Translation Excellence","description":"","publisher":{"@id":"https:\/\/translationexcellence.com\/es\/#organization"},"potentialAction":[{"@type":"SearchAction","target":{"@type":"EntryPoint","urlTemplate":"https:\/\/translationexcellence.com\/es\/?s={search_term_string}"},"query-input":{"@type":"PropertyValueSpecification","valueRequired":true,"valueName":"search_term_string"}}],"inLanguage":"es"},{"@type":"Organization","@id":"https:\/\/translationexcellence.com\/es\/#organization","name":"Translation Excellence","url":"https:\/\/translationexcellence.com\/es\/","logo":{"@type":"ImageObject","inLanguage":"es","@id":"https:\/\/translationexcellence.com\/es\/#\/schema\/logo\/image\/","url":"https:\/\/translationexcellence.com\/wp-content\/uploads\/2023\/07\/Image-1.png","contentUrl":"https:\/\/translationexcellence.com\/wp-content\/uploads\/2023\/07\/Image-1.png","width":274,"height":80,"caption":"Translation Excellence"},"image":{"@id":"https:\/\/translationexcellence.com\/es\/#\/schema\/logo\/image\/"}}]}},"_links":{"self":[{"href":"https:\/\/translationexcellence.com\/es\/wp-json\/wp\/v2\/pages\/15464","targetHints":{"allow":["GET"]}}],"collection":[{"href":"https:\/\/translationexcellence.com\/es\/wp-json\/wp\/v2\/pages"}],"about":[{"href":"https:\/\/translationexcellence.com\/es\/wp-json\/wp\/v2\/types\/page"}],"author":[{"embeddable":true,"href":"https:\/\/translationexcellence.com\/es\/wp-json\/wp\/v2\/users\/1"}],"replies":[{"embeddable":true,"href":"https:\/\/translationexcellence.com\/es\/wp-json\/wp\/v2\/comments?post=15464"}],"version-history":[{"count":0,"href":"https:\/\/translationexcellence.com\/es\/wp-json\/wp\/v2\/pages\/15464\/revisions"}],"up":[{"embeddable":true,"href":"https:\/\/translationexcellence.com\/es\/wp-json\/wp\/v2\/pages\/17805"}],"wp:featuredmedia":[{"embeddable":true,"href":"https:\/\/translationexcellence.com\/es\/wp-json\/wp\/v2\/media\/32232"}],"wp:attachment":[{"href":"https:\/\/translationexcellence.com\/es\/wp-json\/wp\/v2\/media?parent=15464"}],"curies":[{"name":"wp","href":"https:\/\/api.w.org\/{rel}","templated":true}]}}