{"id":17805,"date":"2023-07-24T04:11:40","date_gmt":"2023-07-24T04:11:40","guid":{"rendered":"https:\/\/translationexcellence.com\/industrias\/"},"modified":"2024-12-30T21:05:39","modified_gmt":"2024-12-30T21:05:39","slug":"industrias","status":"publish","type":"page","link":"https:\/\/translationexcellence.com\/es\/industrias\/","title":{"rendered":"Industrias"},"content":{"rendered":"<style>\/*! elementor - v3.18.0 - 20-12-2023 *\/\n.elementor-heading-title{padding:0;margin:0;line-height:1}.elementor-widget-heading .elementor-heading-title[class*=elementor-size-]>a{color:inherit;font-size:inherit;line-height:inherit}.elementor-widget-heading .elementor-heading-title.elementor-size-small{font-size:15px}.elementor-widget-heading .elementor-heading-title.elementor-size-medium{font-size:19px}.elementor-widget-heading .elementor-heading-title.elementor-size-large{font-size:29px}.elementor-widget-heading .elementor-heading-title.elementor-size-xl{font-size:39px}.elementor-widget-heading .elementor-heading-title.elementor-size-xxl{font-size:59px}<\/style>\n<h1>Todas las industrias<\/h1>\n<p>\t\t\t<a href=\"#data_lang\"><br \/>\n\t\t\t\t\t\tPonte en contacto<br \/>\n\t\t\t\t\t<\/a><br \/>\n\t\t\t<a href=\"https:\/\/translationexcellence1.zohobookings.com\/#\/customer\/translationexcellence\" target=\"_blank\" rel=\"noopener\"><br \/>\n\t\t\t\t\t\tReserve una consulta GRATUITA con un  <br \/>Experto en servicios ling\u00fc\u00edsticos<br \/>\n\t\t\t\t\t<\/a><br \/>\n\t\t\tExperiencia en diversas industrias para crear estrategias de contenido global y soluciones digitales que cumplan con los requisitos de su negocio y cumplan con las regulaciones espec\u00edficas de la industria.\t\t<\/p>\n<h2>Principales industrias a las que servimos<\/h2>\n<style>\/*! elementor - v3.18.0 - 20-12-2023 *\/\n.elementor-widget-image-box .elementor-image-box-content{width:100%}@media (min-width:768px){.elementor-widget-image-box.elementor-position-left .elementor-image-box-wrapper,.elementor-widget-image-box.elementor-position-right .elementor-image-box-wrapper{display:flex}.elementor-widget-image-box.elementor-position-right .elementor-image-box-wrapper{text-align:right;flex-direction:row-reverse}.elementor-widget-image-box.elementor-position-left .elementor-image-box-wrapper{text-align:left;flex-direction:row}.elementor-widget-image-box.elementor-position-top .elementor-image-box-img{margin:auto}.elementor-widget-image-box.elementor-vertical-align-top .elementor-image-box-wrapper{align-items:flex-start}.elementor-widget-image-box.elementor-vertical-align-middle .elementor-image-box-wrapper{align-items:center}.elementor-widget-image-box.elementor-vertical-align-bottom .elementor-image-box-wrapper{align-items:flex-end}}@media (max-width:767px){.elementor-widget-image-box .elementor-image-box-img{margin-left:auto!important;margin-right:auto!important;margin-bottom:15px}}.elementor-widget-image-box .elementor-image-box-img{display:inline-block}.elementor-widget-image-box .elementor-image-box-title a{color:inherit}.elementor-widget-image-box .elementor-image-box-wrapper{text-align:center}.elementor-widget-image-box .elementor-image-box-description{margin:0}<\/style>\n<figure><a href=\"https:\/\/translationexcellence.com\/es\/?page_id=15457\" tabindex=\"-1\"><img decoding=\"async\" width=\"137\" height=\"134\" src=\"https:\/\/translationexcellence.com\/wp-content\/uploads\/2023\/07\/Legal.png\" alt=\"legal\" \/><\/a><\/figure>\n<p><a href=\"https:\/\/translationexcellence.com\/es\/?page_id=15457\">Legal<\/a>\t\t<\/p>\n<figure><a href=\"https:\/\/translationexcellence.com\/es\/?page_id=15464\" tabindex=\"-1\"><img decoding=\"async\" width=\"111\" height=\"134\" src=\"https:\/\/translationexcellence.com\/wp-content\/uploads\/2023\/07\/engineering.png\" alt=\"engineering\" \/><\/a><\/figure>\n<p><a href=\"https:\/\/translationexcellence.com\/es\/?page_id=15464\">Ingenier\u00eda<\/a>\t\t<\/p>\n<figure><a href=\"https:\/\/translationexcellence.com\/es\/?page_id=15471\" tabindex=\"-1\"><img decoding=\"async\" width=\"130\" height=\"134\" src=\"https:\/\/translationexcellence.com\/wp-content\/uploads\/2023\/07\/financial.png\" alt=\"financial\" \/><\/a><\/figure>\n<p><a href=\"https:\/\/translationexcellence.com\/es\/?page_id=15471\">Finanzas<\/a>\t\t<\/p>\n<figure><a href=\"https:\/\/translationexcellence.com\/es\/?page_id=15478\" tabindex=\"-1\"><img loading=\"lazy\" decoding=\"async\" width=\"144\" height=\"134\" src=\"https:\/\/translationexcellence.com\/wp-content\/uploads\/2023\/07\/Education.png\" alt=\"education\" \/><\/a><\/figure>\n<p><a href=\"https:\/\/translationexcellence.com\/es\/?page_id=15478\">Educaci\u00f3n<\/a>\t\t<\/p>\n<figure><a href=\"https:\/\/translationexcellence.com\/es\/?page_id=15487\" tabindex=\"-1\"><img loading=\"lazy\" decoding=\"async\" width=\"134\" height=\"134\" src=\"https:\/\/translationexcellence.com\/wp-content\/uploads\/2023\/07\/life-science.png\" alt=\"life-science\" \/><\/a><\/figure>\n<p><a href=\"https:\/\/translationexcellence.com\/es\/?page_id=15487\">Ciencias de la vida<\/a>\t\t<\/p>\n<figure><a href=\"https:\/\/translationexcellence.com\/es\/?page_id=15475\" tabindex=\"-1\"><img loading=\"lazy\" decoding=\"async\" width=\"134\" height=\"134\" src=\"https:\/\/translationexcellence.com\/wp-content\/uploads\/2023\/07\/manufacturing.png\" alt=\"manufacturing\" \/><\/a><\/figure>\n<p><a href=\"https:\/\/translationexcellence.com\/es\/?page_id=15475\">Fabricaci\u00f3n<\/a>\t\t<\/p>\n<figure><a href=\"https:\/\/translationexcellence.com\/es\/?page_id=15494\" tabindex=\"-1\"><img loading=\"lazy\" decoding=\"async\" width=\"112\" height=\"134\" src=\"https:\/\/translationexcellence.com\/wp-content\/uploads\/2023\/07\/ecommerce.png\" alt=\"ecommerce\" \/><\/a><\/figure>\n<p><a href=\"https:\/\/translationexcellence.com\/es\/?page_id=15494\">Comercio electr\u00f3nico<\/a>\t\t<\/p>\n<figure><a href=\"https:\/\/translationexcellence.com\/industries\/travel-tourism\/\" tabindex=\"-1\"><img loading=\"lazy\" decoding=\"async\" width=\"144\" height=\"134\" src=\"https:\/\/translationexcellence.com\/wp-content\/uploads\/2023\/07\/travel-tourisum.png\" alt=\"travel-tourisum\" \/><\/a><\/figure>\n<p><a href=\"https:\/\/translationexcellence.com\/industries\/travel-tourism\/\">Viajes y Turismo<\/a>\t\t<\/p>\n<figure><a href=\"https:\/\/translationexcellence.com\/industries\/energy\/\" tabindex=\"-1\"><img loading=\"lazy\" decoding=\"async\" width=\"174\" height=\"134\" src=\"https:\/\/translationexcellence.com\/wp-content\/uploads\/2023\/07\/energy.png\" alt=\"energy\" \/><\/a><\/figure>\n<p><a href=\"https:\/\/translationexcellence.com\/industries\/energy\/\">Energ\u00eda<\/a><\/p>\n","protected":false},"excerpt":{"rendered":"<p>Todas las industrias Ponte en contacto Reserve una consulta GRATUITA con un Experto en servicios ling\u00fc\u00edsticos Experiencia en diversas industrias para crear estrategias de contenido global y soluciones digitales que cumplan con los requisitos de su negocio y cumplan con las regulaciones espec\u00edficas de la industria. Principales industrias a las que servimos Legal Ingenier\u00eda Finanzas<\/p>\n<p class=\"read-more\"> <a class=\"moretag\" href=\"https:\/\/translationexcellence.com\/es\/industrias\/\"><span class=\"screen-reader-text\">Industrias<\/span>Read More<\/a><\/p>\n","protected":false},"author":1,"featured_media":34474,"parent":0,"menu_order":0,"comment_status":"open","ping_status":"open","template":"","meta":{"_acf_changed":false,"site-sidebar-layout":"no-sidebar","site-content-layout":"plain-container","ast-site-content-layout":"normal-width-container","site-content-style":"unboxed","site-sidebar-style":"unboxed","ast-global-header-display":"","ast-banner-title-visibility":"","ast-main-header-display":"","ast-hfb-above-header-display":"","ast-hfb-below-header-display":"","ast-hfb-mobile-header-display":"","site-post-title":"disabled","ast-breadcrumbs-content":"","ast-featured-img":"","footer-sml-layout":"","ast-disable-related-posts":"","theme-transparent-header-meta":"enabled","adv-header-id-meta":"","stick-header-meta":"","header-above-stick-meta":"","header-main-stick-meta":"","header-below-stick-meta":"","astra-migrate-meta-layouts":"set","ast-page-background-enabled":"default","ast-page-background-meta":{"desktop":{"background-color":"var(--ast-global-color-4)","background-image":"","background-repeat":"repeat","background-position":"center center","background-size":"auto","background-attachment":"scroll","background-type":"","background-media":"","overlay-type":"","overlay-color":"","overlay-opacity":"","overlay-gradient":""},"tablet":{"background-color":"","background-image":"","background-repeat":"repeat","background-position":"center center","background-size":"auto","background-attachment":"scroll","background-type":"","background-media":"","overlay-type":"","overlay-color":"","overlay-opacity":"","overlay-gradient":""},"mobile":{"background-color":"","background-image":"","background-repeat":"repeat","background-position":"center center","background-size":"auto","background-attachment":"scroll","background-type":"","background-media":"","overlay-type":"","overlay-color":"","overlay-opacity":"","overlay-gradient":""}},"ast-content-background-meta":{"desktop":{"background-color":"var(--ast-global-color-5)","background-image":"","background-repeat":"repeat","background-position":"center center","background-size":"auto","background-attachment":"scroll","background-type":"","background-media":"","overlay-type":"","overlay-color":"","overlay-opacity":"","overlay-gradient":""},"tablet":{"background-color":"var(--ast-global-color-5)","background-image":"","background-repeat":"repeat","background-position":"center center","background-size":"auto","background-attachment":"scroll","background-type":"","background-media":"","overlay-type":"","overlay-color":"","overlay-opacity":"","overlay-gradient":""},"mobile":{"background-color":"var(--ast-global-color-5)","background-image":"","background-repeat":"repeat","background-position":"center center","background-size":"auto","background-attachment":"scroll","background-type":"","background-media":"","overlay-type":"","overlay-color":"","overlay-opacity":"","overlay-gradient":""}},"footnotes":""},"class_list":["post-17805","page","type-page","status-publish","has-post-thumbnail","hentry"],"acf":[],"yoast_head":"<!-- This site is optimized with the Yoast SEO plugin v27.2 - https:\/\/yoast.com\/product\/yoast-seo-wordpress\/ -->\n<title>Soluciones ling\u00fc\u00edsticas expertas para diversas industrias<\/title>\n<meta name=\"description\" content=\"Explore los servicios ling\u00fc\u00edsticos espec\u00edficos de la industria de TE. Desde temas legales y financieros hasta manufactura y viajes, brindamos soluciones de traducci\u00f3n precisas para satisfacer diversas necesidades de la industria.\" \/>\n<meta name=\"robots\" content=\"index, follow, max-snippet:-1, max-image-preview:large, max-video-preview:-1\" \/>\n<link rel=\"canonical\" href=\"https:\/\/translationexcellence.com\/es\/industrias\/\" \/>\n<meta property=\"og:locale\" content=\"es_ES\" \/>\n<meta property=\"og:type\" content=\"article\" \/>\n<meta property=\"og:title\" content=\"Soluciones ling\u00fc\u00edsticas expertas para diversas industrias\" \/>\n<meta property=\"og:description\" content=\"Explore los servicios ling\u00fc\u00edsticos espec\u00edficos de la industria de TE. Desde temas legales y financieros hasta manufactura y viajes, brindamos soluciones de traducci\u00f3n precisas para satisfacer diversas necesidades de la industria.\" \/>\n<meta property=\"og:url\" content=\"https:\/\/translationexcellence.com\/es\/industrias\/\" \/>\n<meta property=\"og:site_name\" content=\"Translation Excellence\" \/>\n<meta property=\"article:modified_time\" content=\"2024-12-30T21:05:39+00:00\" \/>\n<meta property=\"og:image\" content=\"https:\/\/translationexcellence.com\/wp-content\/uploads\/2023\/07\/Legal.png\" \/>\n<meta name=\"twitter:card\" content=\"summary_large_image\" \/>\n<meta name=\"twitter:label1\" content=\"Tiempo de lectura\" \/>\n\t<meta name=\"twitter:data1\" content=\"3 minutos\" \/>\n<script type=\"application\/ld+json\" class=\"yoast-schema-graph\">{\"@context\":\"https:\/\/schema.org\",\"@graph\":[{\"@type\":\"WebPage\",\"@id\":\"https:\/\/translationexcellence.com\/es\/industrias\/\",\"url\":\"https:\/\/translationexcellence.com\/es\/industrias\/\",\"name\":\"Soluciones ling\u00fc\u00edsticas expertas para diversas industrias\",\"isPartOf\":{\"@id\":\"https:\/\/translationexcellence.com\/es\/#website\"},\"primaryImageOfPage\":{\"@id\":\"https:\/\/translationexcellence.com\/es\/industrias\/#primaryimage\"},\"image\":{\"@id\":\"https:\/\/translationexcellence.com\/es\/industrias\/#primaryimage\"},\"thumbnailUrl\":\"https:\/\/translationexcellence.com\/wp-content\/uploads\/2025\/11\/all-industries.png\",\"datePublished\":\"2023-07-24T04:11:40+00:00\",\"dateModified\":\"2024-12-30T21:05:39+00:00\",\"description\":\"Explore los servicios ling\u00fc\u00edsticos espec\u00edficos de la industria de TE. Desde temas legales y financieros hasta manufactura y viajes, brindamos soluciones de traducci\u00f3n precisas para satisfacer diversas necesidades de la industria.\",\"breadcrumb\":{\"@id\":\"https:\/\/translationexcellence.com\/es\/industrias\/#breadcrumb\"},\"inLanguage\":\"es\",\"potentialAction\":[{\"@type\":\"ReadAction\",\"target\":[\"https:\/\/translationexcellence.com\/es\/industrias\/\"]}]},{\"@type\":\"ImageObject\",\"inLanguage\":\"es\",\"@id\":\"https:\/\/translationexcellence.com\/es\/industrias\/#primaryimage\",\"url\":\"https:\/\/translationexcellence.com\/wp-content\/uploads\/2025\/11\/all-industries.png\",\"contentUrl\":\"https:\/\/translationexcellence.com\/wp-content\/uploads\/2025\/11\/all-industries.png\",\"width\":1200,\"height\":628},{\"@type\":\"BreadcrumbList\",\"@id\":\"https:\/\/translationexcellence.com\/es\/industrias\/#breadcrumb\",\"itemListElement\":[{\"@type\":\"ListItem\",\"position\":1,\"name\":\"Home\",\"item\":\"https:\/\/translationexcellence.com\/es\/\"},{\"@type\":\"ListItem\",\"position\":2,\"name\":\"Industrias\"}]},{\"@type\":\"WebSite\",\"@id\":\"https:\/\/translationexcellence.com\/es\/#website\",\"url\":\"https:\/\/translationexcellence.com\/es\/\",\"name\":\"Translation Excellence\",\"description\":\"\",\"publisher\":{\"@id\":\"https:\/\/translationexcellence.com\/es\/#organization\"},\"potentialAction\":[{\"@type\":\"SearchAction\",\"target\":{\"@type\":\"EntryPoint\",\"urlTemplate\":\"https:\/\/translationexcellence.com\/es\/?s={search_term_string}\"},\"query-input\":{\"@type\":\"PropertyValueSpecification\",\"valueRequired\":true,\"valueName\":\"search_term_string\"}}],\"inLanguage\":\"es\"},{\"@type\":\"Organization\",\"@id\":\"https:\/\/translationexcellence.com\/es\/#organization\",\"name\":\"Translation Excellence\",\"url\":\"https:\/\/translationexcellence.com\/es\/\",\"logo\":{\"@type\":\"ImageObject\",\"inLanguage\":\"es\",\"@id\":\"https:\/\/translationexcellence.com\/es\/#\/schema\/logo\/image\/\",\"url\":\"https:\/\/translationexcellence.com\/wp-content\/uploads\/2023\/07\/Image-1.png\",\"contentUrl\":\"https:\/\/translationexcellence.com\/wp-content\/uploads\/2023\/07\/Image-1.png\",\"width\":274,\"height\":80,\"caption\":\"Translation Excellence\"},\"image\":{\"@id\":\"https:\/\/translationexcellence.com\/es\/#\/schema\/logo\/image\/\"}}]}<\/script>\n<!-- \/ Yoast SEO plugin. -->","yoast_head_json":{"title":"Soluciones ling\u00fc\u00edsticas expertas para diversas industrias","description":"Explore los servicios ling\u00fc\u00edsticos espec\u00edficos de la industria de TE. Desde temas legales y financieros hasta manufactura y viajes, brindamos soluciones de traducci\u00f3n precisas para satisfacer diversas necesidades de la industria.","robots":{"index":"index","follow":"follow","max-snippet":"max-snippet:-1","max-image-preview":"max-image-preview:large","max-video-preview":"max-video-preview:-1"},"canonical":"https:\/\/translationexcellence.com\/es\/industrias\/","og_locale":"es_ES","og_type":"article","og_title":"Soluciones ling\u00fc\u00edsticas expertas para diversas industrias","og_description":"Explore los servicios ling\u00fc\u00edsticos espec\u00edficos de la industria de TE. Desde temas legales y financieros hasta manufactura y viajes, brindamos soluciones de traducci\u00f3n precisas para satisfacer diversas necesidades de la industria.","og_url":"https:\/\/translationexcellence.com\/es\/industrias\/","og_site_name":"Translation Excellence","article_modified_time":"2024-12-30T21:05:39+00:00","og_image":[{"url":"https:\/\/translationexcellence.com\/wp-content\/uploads\/2023\/07\/Legal.png","type":"","width":"","height":""}],"twitter_card":"summary_large_image","twitter_misc":{"Tiempo de lectura":"3 minutos"},"schema":{"@context":"https:\/\/schema.org","@graph":[{"@type":"WebPage","@id":"https:\/\/translationexcellence.com\/es\/industrias\/","url":"https:\/\/translationexcellence.com\/es\/industrias\/","name":"Soluciones ling\u00fc\u00edsticas expertas para diversas industrias","isPartOf":{"@id":"https:\/\/translationexcellence.com\/es\/#website"},"primaryImageOfPage":{"@id":"https:\/\/translationexcellence.com\/es\/industrias\/#primaryimage"},"image":{"@id":"https:\/\/translationexcellence.com\/es\/industrias\/#primaryimage"},"thumbnailUrl":"https:\/\/translationexcellence.com\/wp-content\/uploads\/2025\/11\/all-industries.png","datePublished":"2023-07-24T04:11:40+00:00","dateModified":"2024-12-30T21:05:39+00:00","description":"Explore los servicios ling\u00fc\u00edsticos espec\u00edficos de la industria de TE. Desde temas legales y financieros hasta manufactura y viajes, brindamos soluciones de traducci\u00f3n precisas para satisfacer diversas necesidades de la industria.","breadcrumb":{"@id":"https:\/\/translationexcellence.com\/es\/industrias\/#breadcrumb"},"inLanguage":"es","potentialAction":[{"@type":"ReadAction","target":["https:\/\/translationexcellence.com\/es\/industrias\/"]}]},{"@type":"ImageObject","inLanguage":"es","@id":"https:\/\/translationexcellence.com\/es\/industrias\/#primaryimage","url":"https:\/\/translationexcellence.com\/wp-content\/uploads\/2025\/11\/all-industries.png","contentUrl":"https:\/\/translationexcellence.com\/wp-content\/uploads\/2025\/11\/all-industries.png","width":1200,"height":628},{"@type":"BreadcrumbList","@id":"https:\/\/translationexcellence.com\/es\/industrias\/#breadcrumb","itemListElement":[{"@type":"ListItem","position":1,"name":"Home","item":"https:\/\/translationexcellence.com\/es\/"},{"@type":"ListItem","position":2,"name":"Industrias"}]},{"@type":"WebSite","@id":"https:\/\/translationexcellence.com\/es\/#website","url":"https:\/\/translationexcellence.com\/es\/","name":"Translation Excellence","description":"","publisher":{"@id":"https:\/\/translationexcellence.com\/es\/#organization"},"potentialAction":[{"@type":"SearchAction","target":{"@type":"EntryPoint","urlTemplate":"https:\/\/translationexcellence.com\/es\/?s={search_term_string}"},"query-input":{"@type":"PropertyValueSpecification","valueRequired":true,"valueName":"search_term_string"}}],"inLanguage":"es"},{"@type":"Organization","@id":"https:\/\/translationexcellence.com\/es\/#organization","name":"Translation Excellence","url":"https:\/\/translationexcellence.com\/es\/","logo":{"@type":"ImageObject","inLanguage":"es","@id":"https:\/\/translationexcellence.com\/es\/#\/schema\/logo\/image\/","url":"https:\/\/translationexcellence.com\/wp-content\/uploads\/2023\/07\/Image-1.png","contentUrl":"https:\/\/translationexcellence.com\/wp-content\/uploads\/2023\/07\/Image-1.png","width":274,"height":80,"caption":"Translation Excellence"},"image":{"@id":"https:\/\/translationexcellence.com\/es\/#\/schema\/logo\/image\/"}}]}},"_links":{"self":[{"href":"https:\/\/translationexcellence.com\/es\/wp-json\/wp\/v2\/pages\/17805","targetHints":{"allow":["GET"]}}],"collection":[{"href":"https:\/\/translationexcellence.com\/es\/wp-json\/wp\/v2\/pages"}],"about":[{"href":"https:\/\/translationexcellence.com\/es\/wp-json\/wp\/v2\/types\/page"}],"author":[{"embeddable":true,"href":"https:\/\/translationexcellence.com\/es\/wp-json\/wp\/v2\/users\/1"}],"replies":[{"embeddable":true,"href":"https:\/\/translationexcellence.com\/es\/wp-json\/wp\/v2\/comments?post=17805"}],"version-history":[{"count":0,"href":"https:\/\/translationexcellence.com\/es\/wp-json\/wp\/v2\/pages\/17805\/revisions"}],"wp:featuredmedia":[{"embeddable":true,"href":"https:\/\/translationexcellence.com\/es\/wp-json\/wp\/v2\/media\/34474"}],"wp:attachment":[{"href":"https:\/\/translationexcellence.com\/es\/wp-json\/wp\/v2\/media?parent=17805"}],"curies":[{"name":"wp","href":"https:\/\/api.w.org\/{rel}","templated":true}]}}