{"id":17878,"date":"2023-08-17T10:36:52","date_gmt":"2023-08-17T10:36:52","guid":{"rendered":"https:\/\/translationexcellence.com\/servicios-de-traduccion\/industrias-atendidas\/"},"modified":"2024-02-15T13:53:44","modified_gmt":"2024-02-15T13:53:44","slug":"industrias-atendidas","status":"publish","type":"page","link":"https:\/\/translationexcellence.com\/es\/servicios-de-traduccion\/industrias-atendidas\/","title":{"rendered":"Industrias atendidas"},"content":{"rendered":"\t\t<div data-elementor-type=\"wp-page\" data-elementor-id=\"17878\" class=\"elementor elementor-17878 elementor-8254\" data-elementor-post-type=\"page\">\n\t\t\t\t\t\t<section class=\"elementor-section elementor-top-section elementor-element elementor-element-75272c3 elementor-section-full_width elementor-section-stretched homebanner elementor-section-height-default elementor-section-height-default\" data-id=\"75272c3\" data-element_type=\"section\" data-e-type=\"section\" data-settings=\"{&quot;stretch_section&quot;:&quot;section-stretched&quot;,&quot;background_background&quot;:&quot;slideshow&quot;,&quot;background_slideshow_gallery&quot;:[],&quot;background_slideshow_slide_duration&quot;:5000,&quot;background_slideshow_slide_transition&quot;:&quot;fade&quot;,&quot;background_slideshow_transition_duration&quot;:500}\">\n\t\t\t\t\t\t<div class=\"elementor-container elementor-column-gap-default\">\n\t\t\t\t\t<div class=\"elementor-column elementor-col-100 elementor-top-column elementor-element elementor-element-39423d5\" data-id=\"39423d5\" data-element_type=\"column\" data-e-type=\"column\" data-settings=\"{&quot;background_background&quot;:&quot;classic&quot;}\">\n\t\t\t<div class=\"elementor-widget-wrap elementor-element-populated\">\n\t\t\t\t\t<div class=\"elementor-background-overlay\"><\/div>\n\t\t\t\t\t\t<section class=\"elementor-section elementor-inner-section elementor-element elementor-element-eaab198 elementor-section-height-min-height elementor-section-boxed elementor-section-height-default\" data-id=\"eaab198\" data-element_type=\"section\" data-e-type=\"section\">\n\t\t\t\t\t\t<div class=\"elementor-container elementor-column-gap-default\">\n\t\t\t\t\t<div class=\"elementor-column elementor-col-50 elementor-inner-column elementor-element elementor-element-0ba2c2b\" data-id=\"0ba2c2b\" data-element_type=\"column\" data-e-type=\"column\">\n\t\t\t<div class=\"elementor-widget-wrap elementor-element-populated\">\n\t\t\t\t\t\t<div class=\"elementor-element elementor-element-72b22a6 elementor-widget elementor-widget-heading\" data-id=\"72b22a6\" data-element_type=\"widget\" data-e-type=\"widget\" data-widget_type=\"heading.default\">\n\t\t\t\t<div class=\"elementor-widget-container\">\n\t\t\t\t\t<h1 class=\"elementor-heading-title elementor-size-default\">Industrias atendidas<\/h1>\t\t\t\t<\/div>\n\t\t\t\t<\/div>\n\t\t\t\t<section class=\"elementor-section elementor-inner-section elementor-element elementor-element-c2b51bf elementor-section-full_width elementor-section-content-middle elementor-section-height-default elementor-section-height-default\" data-id=\"c2b51bf\" data-element_type=\"section\" data-e-type=\"section\">\n\t\t\t\t\t\t<div class=\"elementor-container elementor-column-gap-no\">\n\t\t\t\t\t<div class=\"elementor-column elementor-col-50 elementor-inner-column elementor-element elementor-element-520edc0 topheadercss\" data-id=\"520edc0\" data-element_type=\"column\" data-e-type=\"column\">\n\t\t\t<div class=\"elementor-widget-wrap elementor-element-populated\">\n\t\t\t\t\t\t<div class=\"elementor-element elementor-element-09cc3fa elementor-align-left elementor-widget elementor-widget-button\" data-id=\"09cc3fa\" data-element_type=\"widget\" data-e-type=\"widget\" data-widget_type=\"button.default\">\n\t\t\t\t<div class=\"elementor-widget-container\">\n\t\t\t\t\t\t\t\t\t<div class=\"elementor-button-wrapper\">\n\t\t\t\t\t<a class=\"elementor-button elementor-button-link elementor-size-md\" href=\"#data_lang\">\n\t\t\t\t\t\t<span class=\"elementor-button-content-wrapper\">\n\t\t\t\t\t\t\t\t\t<span class=\"elementor-button-text\">Ponte en contacto<\/span>\n\t\t\t\t\t<\/span>\n\t\t\t\t\t<\/a>\n\t\t\t\t<\/div>\n\t\t\t\t\t\t\t\t<\/div>\n\t\t\t\t<\/div>\n\t\t\t\t\t<\/div>\n\t\t<\/div>\n\t\t\t\t<div class=\"elementor-column elementor-col-50 elementor-inner-column elementor-element elementor-element-3353ff0\" data-id=\"3353ff0\" data-element_type=\"column\" data-e-type=\"column\">\n\t\t\t<div class=\"elementor-widget-wrap elementor-element-populated\">\n\t\t\t\t\t\t<div class=\"elementor-element elementor-element-508291d elementor-align-left elementor-widget elementor-widget-button\" data-id=\"508291d\" data-element_type=\"widget\" data-e-type=\"widget\" data-widget_type=\"button.default\">\n\t\t\t\t<div class=\"elementor-widget-container\">\n\t\t\t\t\t\t\t\t\t<div class=\"elementor-button-wrapper\">\n\t\t\t\t\t<a class=\"elementor-button elementor-button-link elementor-size-md\" href=\"https:\/\/translationexcellence1.zohobookings.com\/#\/customer\/translationexcellence#\" target=\"_blank\">\n\t\t\t\t\t\t<span class=\"elementor-button-content-wrapper\">\n\t\t\t\t\t\t\t\t\t<span class=\"elementor-button-text\">Reserve una consulta GRATUITA con un <br>Experto en servicios ling\u00fc\u00edsticos<\/span>\n\t\t\t\t\t<\/span>\n\t\t\t\t\t<\/a>\n\t\t\t\t<\/div>\n\t\t\t\t\t\t\t\t<\/div>\n\t\t\t\t<\/div>\n\t\t\t\t\t<\/div>\n\t\t<\/div>\n\t\t\t\t\t<\/div>\n\t\t<\/section>\n\t\t\t\t\t<\/div>\n\t\t<\/div>\n\t\t\t\t<div class=\"elementor-column elementor-col-50 elementor-inner-column elementor-element elementor-element-601285b\" data-id=\"601285b\" data-element_type=\"column\" data-e-type=\"column\">\n\t\t\t<div class=\"elementor-widget-wrap\">\n\t\t\t\t\t\t\t<\/div>\n\t\t<\/div>\n\t\t\t\t\t<\/div>\n\t\t<\/section>\n\t\t\t\t\t<\/div>\n\t\t<\/div>\n\t\t\t\t\t<\/div>\n\t\t<\/section>\n\t\t\t\t<section class=\"elementor-section elementor-top-section elementor-element elementor-element-56a455c elementor-section-full_width elementor-section-stretched elementor-section-height-default elementor-section-height-default\" data-id=\"56a455c\" data-element_type=\"section\" data-e-type=\"section\" data-settings=\"{&quot;stretch_section&quot;:&quot;section-stretched&quot;,&quot;background_background&quot;:&quot;classic&quot;}\">\n\t\t\t\t\t\t<div class=\"elementor-container elementor-column-gap-default\">\n\t\t\t\t\t<div class=\"elementor-column elementor-col-100 elementor-top-column elementor-element elementor-element-15cb6b9\" data-id=\"15cb6b9\" data-element_type=\"column\" data-e-type=\"column\">\n\t\t\t<div class=\"elementor-widget-wrap elementor-element-populated\">\n\t\t\t\t\t\t<div class=\"elementor-element elementor-element-ad2001d elementor-widget elementor-widget-text-editor\" data-id=\"ad2001d\" data-element_type=\"widget\" data-e-type=\"widget\" data-widget_type=\"text-editor.default\">\n\t\t\t\t<div class=\"elementor-widget-container\">\n\t\t\t\t\t\t\t\t\t<p>Industrias atendidas<\/p>\n\t\t\t\t\t\t\t\t<\/div>\n\t\t\t\t<\/div>\n\t\t\t\t\t<\/div>\n\t\t<\/div>\n\t\t\t\t\t<\/div>\n\t\t<\/section>\n\t\t\t\t<section class=\"elementor-section elementor-top-section elementor-element elementor-element-c5d7d10 elementor-section-boxed elementor-section-height-default elementor-section-height-default\" data-id=\"c5d7d10\" data-element_type=\"section\" data-e-type=\"section\">\n\t\t\t\t\t\t<div class=\"elementor-container elementor-column-gap-default\">\n\t\t\t\t\t<div class=\"elementor-column elementor-col-100 elementor-top-column elementor-element elementor-element-e4db3d2\" data-id=\"e4db3d2\" data-element_type=\"column\" data-e-type=\"column\">\n\t\t\t<div class=\"elementor-widget-wrap elementor-element-populated\">\n\t\t\t\t\t\t<section class=\"elementor-section elementor-inner-section elementor-element elementor-element-4928235 elementor-section-boxed elementor-section-height-default elementor-section-height-default\" data-id=\"4928235\" data-element_type=\"section\" data-e-type=\"section\">\n\t\t\t\t\t\t<div class=\"elementor-container elementor-column-gap-default\">\n\t\t\t\t\t<div class=\"elementor-column elementor-col-50 elementor-inner-column elementor-element elementor-element-a5bddc9\" data-id=\"a5bddc9\" data-element_type=\"column\" data-e-type=\"column\">\n\t\t\t<div class=\"elementor-widget-wrap elementor-element-populated\">\n\t\t\t\t\t\t<div class=\"elementor-element elementor-element-5b474b4 elementor-widget elementor-widget-text-editor\" data-id=\"5b474b4\" data-element_type=\"widget\" data-e-type=\"widget\" data-widget_type=\"text-editor.default\">\n\t\t\t\t<div class=\"elementor-widget-container\">\n\t\t\t\t\t\t\t\t\tDesde lo obvio a lo oscuro, desde especificaciones y manuales de construcci\u00f3n hasta localizaci\u00f3n de videojuegos, estamos listos y somos capaces de trabajar en cualquier industria. Contamos con expertos ling\u00fc\u00edsticos de casi cualquier formaci\u00f3n profesional con experiencia actual, habilidad ling\u00fc\u00edstica relevante y verdadera conciencia cultural. Esto significa que, sin importar la industria, el idioma ni la cultura particular, tenemos un experto en idiomas preparado para transmitir significado en todo el mundo en casi todas las circunstancias.\n\n\t\t\t\t\t\t\t\t<\/div>\n\t\t\t\t<\/div>\n\t\t\t\t<div class=\"elementor-element elementor-element-0d8d21d elementor-widget elementor-widget-text-editor\" data-id=\"0d8d21d\" data-element_type=\"widget\" data-e-type=\"widget\" data-widget_type=\"text-editor.default\">\n\t\t\t\t<div class=\"elementor-widget-container\">\n\t\t\t\t\t\t\t\t\tEstos son algunos de los campos en los que hemos trabajado:\n<ul class=\"ul-image-pos\">\n \t<li>Aeroespacial<\/li>\n \t<li>Biolog\u00eda<\/li>\n \t<li><a href=\"https:\/\/translationexcellence.com\/profesional-business-document-translation-denver\/\">Empresas<\/a><\/li>\n \t<li><a href=\"https:\/\/translationexcellence.com\/construction-translation-services\/\">Construcci\u00f3n<\/a><\/li>\n \t<li><a href=\"https:\/\/translationexcellence.com\/education-translation-services-denver\/\">Educaci\u00f3n<\/a><\/li>\n \t<li><a href=\"https:\/\/translationexcellence.com\/engineering-translation-services\/\">Ingenier\u00eda<\/a><\/li>\n \t<li><a href=\"https:\/\/translationexcellence.com\/financial-translation-services\/\">Finanzas<\/a><\/li>\n \t<li><a href=\"https:\/\/translationexcellence.com\/government-translation-interpretation-services\/\">Gobierno<\/a><\/li>\n \t<li><a href=\"https:\/\/translationexcellence.com\/business-hr-translation-services\/\">Recursos Humanos (RRHH) \u2013 Gesti\u00f3n<\/a><\/li>\n \t<li><a href=\"https:\/\/translationexcellence.com\/es\/servicios-de-traduccion-e-interpretacion-para-companias-de-seguros\/\">Seguros<\/a><\/li>\n \t<li><a href=\"https:\/\/translationexcellence.com\/es\/servicios-de-traduccion-con-conocimientos-juridicos\/\">Legal<\/a><\/li>\n \t<li><a href=\"https:\/\/translationexcellence.com\/es\/traduccion-profesional-de-material-de-marketing-colorado\/\">Marketing<\/a><\/li>\n \t<li><a href=\"https:\/\/translationexcellence.com\/es\/traductores-e-interpretes-medicos-jurados\/\">M\u00e9dica<\/a><\/li>\n \t<li>F\u00edsica<\/li>\n \t<li><a href=\"https:\/\/translationexcellence.com\/es\/servicios-certificados-de-traduccion-de-software\/\">Software \u2013 TI<\/a><\/li>\n \t<li><a href=\"\/professional-website-translation-localization\/\">Sitio web<\/a><\/li>\n<\/ul>\t\t\t\t\t\t\t\t<\/div>\n\t\t\t\t<\/div>\n\t\t\t\t<div class=\"elementor-element elementor-element-ad2010a elementor-widget elementor-widget-text-editor\" data-id=\"ad2010a\" data-element_type=\"widget\" data-e-type=\"widget\" data-widget_type=\"text-editor.default\">\n\t\t\t\t<div class=\"elementor-widget-container\">\n\t\t\t\t\t\t\t\t\t<p>Please give us a call at <strong>720-325-0459<\/strong> or <strong>877-409-6737<\/strong> to discuss your project and receive a free quote <strong>within 30 minutes<\/strong>.<\/p>\n\t\t\t\t\t\t\t\t<\/div>\n\t\t\t\t<\/div>\n\t\t\t\t\t<\/div>\n\t\t<\/div>\n\t\t\t\t<div class=\"elementor-column elementor-col-50 elementor-inner-column elementor-element elementor-element-c934508\" data-id=\"c934508\" data-element_type=\"column\" data-e-type=\"column\">\n\t\t\t<div class=\"elementor-widget-wrap elementor-element-populated\">\n\t\t\t\t\t\t<div class=\"elementor-element elementor-element-1702e9e elementor-widget elementor-widget-sidebar\" data-id=\"1702e9e\" data-element_type=\"widget\" data-e-type=\"widget\" data-widget_type=\"sidebar.default\">\n\t\t\t\t<div class=\"elementor-widget-container\">\n\t\t\t\t\t<div id=\"nav_menu-10\" class=\"widget services widget_nav_menu\"><h2 class=\"widget-title\">Translation Services<\/h2><\/div>\t\t\t\t<\/div>\n\t\t\t\t<\/div>\n\t\t\t\t\t<\/div>\n\t\t<\/div>\n\t\t\t\t\t<\/div>\n\t\t<\/section>\n\t\t\t\t\t<\/div>\n\t\t<\/div>\n\t\t\t\t\t<\/div>\n\t\t<\/section>\n\t\t\t\t<\/div>\n\t\t","protected":false},"excerpt":{"rendered":"<p>Industrias atendidas Ponte en contacto Reserve una consulta GRATUITA con un Experto en servicios ling\u00fc\u00edsticos Industrias atendidas Desde lo obvio a lo oscuro, desde especificaciones y manuales de construcci\u00f3n hasta localizaci\u00f3n de videojuegos, estamos listos y somos capaces de trabajar en cualquier industria. Contamos con expertos ling\u00fc\u00edsticos de casi cualquier formaci\u00f3n profesional con experiencia actual,<\/p>\n<p class=\"read-more\"> <a class=\"moretag\" href=\"https:\/\/translationexcellence.com\/es\/servicios-de-traduccion\/industrias-atendidas\/\"><span class=\"screen-reader-text\">Industrias atendidas<\/span>Read More<\/a><\/p>\n","protected":false},"author":1,"featured_media":0,"parent":17854,"menu_order":0,"comment_status":"closed","ping_status":"closed","template":"","meta":{"_acf_changed":false,"site-sidebar-layout":"no-sidebar","site-content-layout":"plain-container","ast-site-content-layout":"normal-width-container","site-content-style":"unboxed","site-sidebar-style":"unboxed","ast-global-header-display":"","ast-banner-title-visibility":"","ast-main-header-display":"","ast-hfb-above-header-display":"","ast-hfb-below-header-display":"","ast-hfb-mobile-header-display":"","site-post-title":"disabled","ast-breadcrumbs-content":"","ast-featured-img":"","footer-sml-layout":"","ast-disable-related-posts":"","theme-transparent-header-meta":"enabled","adv-header-id-meta":"","stick-header-meta":"","header-above-stick-meta":"","header-main-stick-meta":"","header-below-stick-meta":"","astra-migrate-meta-layouts":"set","ast-page-background-enabled":"default","ast-page-background-meta":{"desktop":{"background-color":"var(--ast-global-color-4)","background-image":"","background-repeat":"repeat","background-position":"center center","background-size":"auto","background-attachment":"scroll","background-type":"","background-media":"","overlay-type":"","overlay-color":"","overlay-opacity":"","overlay-gradient":""},"tablet":{"background-color":"","background-image":"","background-repeat":"repeat","background-position":"center center","background-size":"auto","background-attachment":"scroll","background-type":"","background-media":"","overlay-type":"","overlay-color":"","overlay-opacity":"","overlay-gradient":""},"mobile":{"background-color":"","background-image":"","background-repeat":"repeat","background-position":"center center","background-size":"auto","background-attachment":"scroll","background-type":"","background-media":"","overlay-type":"","overlay-color":"","overlay-opacity":"","overlay-gradient":""}},"ast-content-background-meta":{"desktop":{"background-color":"var(--ast-global-color-5)","background-image":"","background-repeat":"repeat","background-position":"center center","background-size":"auto","background-attachment":"scroll","background-type":"","background-media":"","overlay-type":"","overlay-color":"","overlay-opacity":"","overlay-gradient":""},"tablet":{"background-color":"var(--ast-global-color-5)","background-image":"","background-repeat":"repeat","background-position":"center center","background-size":"auto","background-attachment":"scroll","background-type":"","background-media":"","overlay-type":"","overlay-color":"","overlay-opacity":"","overlay-gradient":""},"mobile":{"background-color":"var(--ast-global-color-5)","background-image":"","background-repeat":"repeat","background-position":"center center","background-size":"auto","background-attachment":"scroll","background-type":"","background-media":"","overlay-type":"","overlay-color":"","overlay-opacity":"","overlay-gradient":""}},"footnotes":""},"class_list":["post-17878","page","type-page","status-publish","hentry"],"acf":[],"yoast_head":"<!-- This site is optimized with the Yoast SEO plugin v27.2 - https:\/\/yoast.com\/product\/yoast-seo-wordpress\/ -->\n<title>Industrias atendidas - Translation Excellence<\/title>\n<meta name=\"description\" content=\"Explora las industrias atendidas por los servicios de traducci\u00f3n de Translation Excellence. Ofrecemos soluciones de traducci\u00f3n precisas y culturalmente adecuadas adaptadas a las necesidades de tu industria.\" \/>\n<meta name=\"robots\" content=\"index, follow, max-snippet:-1, max-image-preview:large, max-video-preview:-1\" \/>\n<link rel=\"canonical\" href=\"https:\/\/translationexcellence.com\/es\/servicios-de-traduccion\/industrias-atendidas\/\" \/>\n<meta property=\"og:locale\" content=\"es_ES\" \/>\n<meta property=\"og:type\" content=\"article\" \/>\n<meta property=\"og:title\" content=\"Industrias atendidas - Translation Excellence\" \/>\n<meta property=\"og:description\" content=\"Explora las industrias atendidas por los servicios de traducci\u00f3n de Translation Excellence. Ofrecemos soluciones de traducci\u00f3n precisas y culturalmente adecuadas adaptadas a las necesidades de tu industria.\" \/>\n<meta property=\"og:url\" content=\"https:\/\/translationexcellence.com\/es\/servicios-de-traduccion\/industrias-atendidas\/\" \/>\n<meta property=\"og:site_name\" content=\"Translation Excellence\" \/>\n<meta property=\"article:modified_time\" content=\"2024-02-15T13:53:44+00:00\" \/>\n<meta name=\"twitter:card\" content=\"summary_large_image\" \/>\n<meta name=\"twitter:label1\" content=\"Tiempo de lectura\" \/>\n\t<meta name=\"twitter:data1\" content=\"1 minuto\" \/>\n<script type=\"application\/ld+json\" class=\"yoast-schema-graph\">{\"@context\":\"https:\/\/schema.org\",\"@graph\":[{\"@type\":\"WebPage\",\"@id\":\"https:\/\/translationexcellence.com\/es\/servicios-de-traduccion\/industrias-atendidas\/\",\"url\":\"https:\/\/translationexcellence.com\/es\/servicios-de-traduccion\/industrias-atendidas\/\",\"name\":\"Industrias atendidas - Translation Excellence\",\"isPartOf\":{\"@id\":\"https:\/\/translationexcellence.com\/es\/#website\"},\"datePublished\":\"2023-08-17T10:36:52+00:00\",\"dateModified\":\"2024-02-15T13:53:44+00:00\",\"description\":\"Explora las industrias atendidas por los servicios de traducci\u00f3n de Translation Excellence. Ofrecemos soluciones de traducci\u00f3n precisas y culturalmente adecuadas adaptadas a las necesidades de tu industria.\",\"breadcrumb\":{\"@id\":\"https:\/\/translationexcellence.com\/es\/servicios-de-traduccion\/industrias-atendidas\/#breadcrumb\"},\"inLanguage\":\"es\",\"potentialAction\":[{\"@type\":\"ReadAction\",\"target\":[\"https:\/\/translationexcellence.com\/es\/servicios-de-traduccion\/industrias-atendidas\/\"]}]},{\"@type\":\"BreadcrumbList\",\"@id\":\"https:\/\/translationexcellence.com\/es\/servicios-de-traduccion\/industrias-atendidas\/#breadcrumb\",\"itemListElement\":[{\"@type\":\"ListItem\",\"position\":1,\"name\":\"Home\",\"item\":\"https:\/\/translationexcellence.com\/es\/\"},{\"@type\":\"ListItem\",\"position\":2,\"name\":\"Servicios de traducci\u00f3n\",\"item\":\"https:\/\/translationexcellence.com\/es\/servicios-de-traduccion\/\"},{\"@type\":\"ListItem\",\"position\":3,\"name\":\"Industrias atendidas\"}]},{\"@type\":\"WebSite\",\"@id\":\"https:\/\/translationexcellence.com\/es\/#website\",\"url\":\"https:\/\/translationexcellence.com\/es\/\",\"name\":\"Translation Excellence\",\"description\":\"\",\"publisher\":{\"@id\":\"https:\/\/translationexcellence.com\/es\/#organization\"},\"potentialAction\":[{\"@type\":\"SearchAction\",\"target\":{\"@type\":\"EntryPoint\",\"urlTemplate\":\"https:\/\/translationexcellence.com\/es\/?s={search_term_string}\"},\"query-input\":{\"@type\":\"PropertyValueSpecification\",\"valueRequired\":true,\"valueName\":\"search_term_string\"}}],\"inLanguage\":\"es\"},{\"@type\":\"Organization\",\"@id\":\"https:\/\/translationexcellence.com\/es\/#organization\",\"name\":\"Translation Excellence\",\"url\":\"https:\/\/translationexcellence.com\/es\/\",\"logo\":{\"@type\":\"ImageObject\",\"inLanguage\":\"es\",\"@id\":\"https:\/\/translationexcellence.com\/es\/#\/schema\/logo\/image\/\",\"url\":\"https:\/\/translationexcellence.com\/wp-content\/uploads\/2023\/07\/Image-1.png\",\"contentUrl\":\"https:\/\/translationexcellence.com\/wp-content\/uploads\/2023\/07\/Image-1.png\",\"width\":274,\"height\":80,\"caption\":\"Translation Excellence\"},\"image\":{\"@id\":\"https:\/\/translationexcellence.com\/es\/#\/schema\/logo\/image\/\"}}]}<\/script>\n<!-- \/ Yoast SEO plugin. -->","yoast_head_json":{"title":"Industrias atendidas - Translation Excellence","description":"Explora las industrias atendidas por los servicios de traducci\u00f3n de Translation Excellence. Ofrecemos soluciones de traducci\u00f3n precisas y culturalmente adecuadas adaptadas a las necesidades de tu industria.","robots":{"index":"index","follow":"follow","max-snippet":"max-snippet:-1","max-image-preview":"max-image-preview:large","max-video-preview":"max-video-preview:-1"},"canonical":"https:\/\/translationexcellence.com\/es\/servicios-de-traduccion\/industrias-atendidas\/","og_locale":"es_ES","og_type":"article","og_title":"Industrias atendidas - Translation Excellence","og_description":"Explora las industrias atendidas por los servicios de traducci\u00f3n de Translation Excellence. Ofrecemos soluciones de traducci\u00f3n precisas y culturalmente adecuadas adaptadas a las necesidades de tu industria.","og_url":"https:\/\/translationexcellence.com\/es\/servicios-de-traduccion\/industrias-atendidas\/","og_site_name":"Translation Excellence","article_modified_time":"2024-02-15T13:53:44+00:00","twitter_card":"summary_large_image","twitter_misc":{"Tiempo de lectura":"1 minuto"},"schema":{"@context":"https:\/\/schema.org","@graph":[{"@type":"WebPage","@id":"https:\/\/translationexcellence.com\/es\/servicios-de-traduccion\/industrias-atendidas\/","url":"https:\/\/translationexcellence.com\/es\/servicios-de-traduccion\/industrias-atendidas\/","name":"Industrias atendidas - Translation Excellence","isPartOf":{"@id":"https:\/\/translationexcellence.com\/es\/#website"},"datePublished":"2023-08-17T10:36:52+00:00","dateModified":"2024-02-15T13:53:44+00:00","description":"Explora las industrias atendidas por los servicios de traducci\u00f3n de Translation Excellence. Ofrecemos soluciones de traducci\u00f3n precisas y culturalmente adecuadas adaptadas a las necesidades de tu industria.","breadcrumb":{"@id":"https:\/\/translationexcellence.com\/es\/servicios-de-traduccion\/industrias-atendidas\/#breadcrumb"},"inLanguage":"es","potentialAction":[{"@type":"ReadAction","target":["https:\/\/translationexcellence.com\/es\/servicios-de-traduccion\/industrias-atendidas\/"]}]},{"@type":"BreadcrumbList","@id":"https:\/\/translationexcellence.com\/es\/servicios-de-traduccion\/industrias-atendidas\/#breadcrumb","itemListElement":[{"@type":"ListItem","position":1,"name":"Home","item":"https:\/\/translationexcellence.com\/es\/"},{"@type":"ListItem","position":2,"name":"Servicios de traducci\u00f3n","item":"https:\/\/translationexcellence.com\/es\/servicios-de-traduccion\/"},{"@type":"ListItem","position":3,"name":"Industrias atendidas"}]},{"@type":"WebSite","@id":"https:\/\/translationexcellence.com\/es\/#website","url":"https:\/\/translationexcellence.com\/es\/","name":"Translation Excellence","description":"","publisher":{"@id":"https:\/\/translationexcellence.com\/es\/#organization"},"potentialAction":[{"@type":"SearchAction","target":{"@type":"EntryPoint","urlTemplate":"https:\/\/translationexcellence.com\/es\/?s={search_term_string}"},"query-input":{"@type":"PropertyValueSpecification","valueRequired":true,"valueName":"search_term_string"}}],"inLanguage":"es"},{"@type":"Organization","@id":"https:\/\/translationexcellence.com\/es\/#organization","name":"Translation Excellence","url":"https:\/\/translationexcellence.com\/es\/","logo":{"@type":"ImageObject","inLanguage":"es","@id":"https:\/\/translationexcellence.com\/es\/#\/schema\/logo\/image\/","url":"https:\/\/translationexcellence.com\/wp-content\/uploads\/2023\/07\/Image-1.png","contentUrl":"https:\/\/translationexcellence.com\/wp-content\/uploads\/2023\/07\/Image-1.png","width":274,"height":80,"caption":"Translation Excellence"},"image":{"@id":"https:\/\/translationexcellence.com\/es\/#\/schema\/logo\/image\/"}}]}},"_links":{"self":[{"href":"https:\/\/translationexcellence.com\/es\/wp-json\/wp\/v2\/pages\/17878","targetHints":{"allow":["GET"]}}],"collection":[{"href":"https:\/\/translationexcellence.com\/es\/wp-json\/wp\/v2\/pages"}],"about":[{"href":"https:\/\/translationexcellence.com\/es\/wp-json\/wp\/v2\/types\/page"}],"author":[{"embeddable":true,"href":"https:\/\/translationexcellence.com\/es\/wp-json\/wp\/v2\/users\/1"}],"replies":[{"embeddable":true,"href":"https:\/\/translationexcellence.com\/es\/wp-json\/wp\/v2\/comments?post=17878"}],"version-history":[{"count":0,"href":"https:\/\/translationexcellence.com\/es\/wp-json\/wp\/v2\/pages\/17878\/revisions"}],"up":[{"embeddable":true,"href":"https:\/\/translationexcellence.com\/es\/wp-json\/wp\/v2\/pages\/17854"}],"wp:attachment":[{"href":"https:\/\/translationexcellence.com\/es\/wp-json\/wp\/v2\/media?parent=17878"}],"curies":[{"name":"wp","href":"https:\/\/api.w.org\/{rel}","templated":true}]}}