{"id":17895,"date":"2023-08-17T12:21:08","date_gmt":"2023-08-17T12:21:08","guid":{"rendered":"https:\/\/translationexcellence.com\/servicios-de-traduccion-para-la-construccion\/"},"modified":"2024-02-12T12:29:12","modified_gmt":"2024-02-12T12:29:12","slug":"servicios-de-traduccion-para-la-construccion","status":"publish","type":"page","link":"https:\/\/translationexcellence.com\/es\/servicios-de-traduccion-para-la-construccion\/","title":{"rendered":"Servicios de traducci\u00f3n para la construcci\u00f3n"},"content":{"rendered":"\t\t<div data-elementor-type=\"wp-page\" data-elementor-id=\"17895\" class=\"elementor elementor-17895 elementor-8326\" data-elementor-post-type=\"page\">\n\t\t\t\t\t\t<section class=\"elementor-section elementor-top-section elementor-element elementor-element-75272c3 elementor-section-full_width elementor-section-stretched homebanner elementor-section-height-default elementor-section-height-default\" data-id=\"75272c3\" data-element_type=\"section\" data-e-type=\"section\" data-settings=\"{&quot;stretch_section&quot;:&quot;section-stretched&quot;,&quot;background_background&quot;:&quot;slideshow&quot;,&quot;background_slideshow_gallery&quot;:[],&quot;background_slideshow_slide_duration&quot;:5000,&quot;background_slideshow_slide_transition&quot;:&quot;fade&quot;,&quot;background_slideshow_transition_duration&quot;:500}\">\n\t\t\t\t\t\t<div class=\"elementor-container elementor-column-gap-default\">\n\t\t\t\t\t<div class=\"elementor-column elementor-col-100 elementor-top-column elementor-element elementor-element-39423d5\" data-id=\"39423d5\" data-element_type=\"column\" data-e-type=\"column\" data-settings=\"{&quot;background_background&quot;:&quot;classic&quot;}\">\n\t\t\t<div class=\"elementor-widget-wrap elementor-element-populated\">\n\t\t\t\t\t<div class=\"elementor-background-overlay\"><\/div>\n\t\t\t\t\t\t<section class=\"elementor-section elementor-inner-section elementor-element elementor-element-eaab198 elementor-section-height-min-height elementor-section-full_width elementor-section-height-default\" data-id=\"eaab198\" data-element_type=\"section\" data-e-type=\"section\">\n\t\t\t\t\t\t<div class=\"elementor-container elementor-column-gap-default\">\n\t\t\t\t\t<div class=\"elementor-column elementor-col-50 elementor-inner-column elementor-element elementor-element-0ba2c2b\" data-id=\"0ba2c2b\" data-element_type=\"column\" data-e-type=\"column\">\n\t\t\t<div class=\"elementor-widget-wrap elementor-element-populated\">\n\t\t\t\t\t\t<div class=\"elementor-element elementor-element-72b22a6 elementor-widget elementor-widget-heading\" data-id=\"72b22a6\" data-element_type=\"widget\" data-e-type=\"widget\" data-widget_type=\"heading.default\">\n\t\t\t\t<div class=\"elementor-widget-container\">\n\t\t\t\t\t<h1 class=\"elementor-heading-title elementor-size-default\">Servicios de traducci\u00f3n para la construcci\u00f3n<\/h1>\t\t\t\t<\/div>\n\t\t\t\t<\/div>\n\t\t\t\t<section class=\"elementor-section elementor-inner-section elementor-element elementor-element-c2b51bf elementor-section-full_width elementor-section-content-middle elementor-section-height-default elementor-section-height-default\" data-id=\"c2b51bf\" data-element_type=\"section\" data-e-type=\"section\">\n\t\t\t\t\t\t<div class=\"elementor-container elementor-column-gap-no\">\n\t\t\t\t\t<div class=\"elementor-column elementor-col-50 elementor-inner-column elementor-element elementor-element-520edc0 topheadercss\" data-id=\"520edc0\" data-element_type=\"column\" data-e-type=\"column\">\n\t\t\t<div class=\"elementor-widget-wrap elementor-element-populated\">\n\t\t\t\t\t\t<div class=\"elementor-element elementor-element-09cc3fa elementor-align-left elementor-widget elementor-widget-button\" data-id=\"09cc3fa\" data-element_type=\"widget\" data-e-type=\"widget\" data-widget_type=\"button.default\">\n\t\t\t\t<div class=\"elementor-widget-container\">\n\t\t\t\t\t\t\t\t\t<div class=\"elementor-button-wrapper\">\n\t\t\t\t\t<a class=\"elementor-button elementor-button-link elementor-size-md\" href=\"#\">\n\t\t\t\t\t\t<span class=\"elementor-button-content-wrapper\">\n\t\t\t\t\t\t\t\t\t<span class=\"elementor-button-text\">Ponte en contacto<\/span>\n\t\t\t\t\t<\/span>\n\t\t\t\t\t<\/a>\n\t\t\t\t<\/div>\n\t\t\t\t\t\t\t\t<\/div>\n\t\t\t\t<\/div>\n\t\t\t\t\t<\/div>\n\t\t<\/div>\n\t\t\t\t<div class=\"elementor-column elementor-col-50 elementor-inner-column elementor-element elementor-element-3353ff0\" data-id=\"3353ff0\" data-element_type=\"column\" data-e-type=\"column\">\n\t\t\t<div class=\"elementor-widget-wrap elementor-element-populated\">\n\t\t\t\t\t\t<div class=\"elementor-element elementor-element-508291d elementor-align-left elementor-widget elementor-widget-button\" data-id=\"508291d\" data-element_type=\"widget\" data-e-type=\"widget\" data-widget_type=\"button.default\">\n\t\t\t\t<div class=\"elementor-widget-container\">\n\t\t\t\t\t\t\t\t\t<div class=\"elementor-button-wrapper\">\n\t\t\t\t\t<a class=\"elementor-button elementor-button-link elementor-size-md\" href=\"https:\/\/translationexcellence1.zohobookings.com\/#\/customer\/translationexcellence\" target=\"_blank\">\n\t\t\t\t\t\t<span class=\"elementor-button-content-wrapper\">\n\t\t\t\t\t\t\t\t\t<span class=\"elementor-button-text\">Reserve una consulta GRATUITA con un <br>Experto en servicios ling\u00fc\u00edsticos<\/span>\n\t\t\t\t\t<\/span>\n\t\t\t\t\t<\/a>\n\t\t\t\t<\/div>\n\t\t\t\t\t\t\t\t<\/div>\n\t\t\t\t<\/div>\n\t\t\t\t\t<\/div>\n\t\t<\/div>\n\t\t\t\t\t<\/div>\n\t\t<\/section>\n\t\t\t\t\t<\/div>\n\t\t<\/div>\n\t\t\t\t<div class=\"elementor-column elementor-col-50 elementor-inner-column elementor-element elementor-element-601285b\" data-id=\"601285b\" data-element_type=\"column\" data-e-type=\"column\" data-settings=\"{&quot;background_background&quot;:&quot;classic&quot;}\">\n\t\t\t<div class=\"elementor-widget-wrap\">\n\t\t\t\t\t\t\t<\/div>\n\t\t<\/div>\n\t\t\t\t\t<\/div>\n\t\t<\/section>\n\t\t\t\t\t<\/div>\n\t\t<\/div>\n\t\t\t\t\t<\/div>\n\t\t<\/section>\n\t\t\t\t<section class=\"elementor-section elementor-top-section elementor-element elementor-element-65e84e4 elementor-section-full_width elementor-section-stretched elementor-section-height-default elementor-section-height-default\" data-id=\"65e84e4\" data-element_type=\"section\" data-e-type=\"section\" data-settings=\"{&quot;stretch_section&quot;:&quot;section-stretched&quot;,&quot;background_background&quot;:&quot;classic&quot;}\">\n\t\t\t\t\t\t<div class=\"elementor-container elementor-column-gap-default\">\n\t\t\t\t\t<div class=\"elementor-column elementor-col-100 elementor-top-column elementor-element elementor-element-7797d0d\" data-id=\"7797d0d\" data-element_type=\"column\" data-e-type=\"column\">\n\t\t\t<div class=\"elementor-widget-wrap elementor-element-populated\">\n\t\t\t\t\t\t<div class=\"elementor-element elementor-element-83c5d12 elementor-widget elementor-widget-text-editor\" data-id=\"83c5d12\" data-element_type=\"widget\" data-e-type=\"widget\" data-widget_type=\"text-editor.default\">\n\t\t\t\t<div class=\"elementor-widget-container\">\n\t\t\t\t\t\t\t\t\t<p>Servicios profesionales de traducci\u00f3n para la construcci\u00f3n que le ahorran tiempo y dinero<\/p>\n\t\t\t\t\t\t\t\t<\/div>\n\t\t\t\t<\/div>\n\t\t\t\t\t<\/div>\n\t\t<\/div>\n\t\t\t\t\t<\/div>\n\t\t<\/section>\n\t\t\t\t<section class=\"elementor-section elementor-top-section elementor-element elementor-element-c5d7d10 services_section elementor-section-boxed elementor-section-height-default elementor-section-height-default\" data-id=\"c5d7d10\" data-element_type=\"section\" data-e-type=\"section\">\n\t\t\t\t\t\t<div class=\"elementor-container elementor-column-gap-default\">\n\t\t\t\t\t<div class=\"elementor-column elementor-col-100 elementor-top-column elementor-element elementor-element-e4db3d2\" data-id=\"e4db3d2\" data-element_type=\"column\" data-e-type=\"column\">\n\t\t\t<div class=\"elementor-widget-wrap elementor-element-populated\">\n\t\t\t\t\t\t<section class=\"elementor-section elementor-inner-section elementor-element elementor-element-b01e5c8 elementor-section-boxed elementor-section-height-default elementor-section-height-default\" data-id=\"b01e5c8\" data-element_type=\"section\" data-e-type=\"section\">\n\t\t\t\t\t\t<div class=\"elementor-container elementor-column-gap-default\">\n\t\t\t\t\t<div class=\"elementor-column elementor-col-100 elementor-inner-column elementor-element elementor-element-23dfd2e\" data-id=\"23dfd2e\" data-element_type=\"column\" data-e-type=\"column\">\n\t\t\t<div class=\"elementor-widget-wrap elementor-element-populated\">\n\t\t\t\t\t\t<div class=\"elementor-element elementor-element-ebf911f elementor-widget elementor-widget-text-editor\" data-id=\"ebf911f\" data-element_type=\"widget\" data-e-type=\"widget\" data-widget_type=\"text-editor.default\">\n\t\t\t\t<div class=\"elementor-widget-container\">\n\t\t\t\t\t\t\t\t\t<p>Cuando se trabaja en la industria de la construcci\u00f3n, pueden surgir dificultades al trabajar con personas que no hablan el mismo idioma que usted. Los contratos y los planos de construcci\u00f3n pueden ser dif\u00edciles de entender en idiomas extranjeros y las traducciones autom\u00e1ticas no siempre son confiables al traducir la jerga comercial. En situaciones como estas, la traducci\u00f3n profesional de la construcci\u00f3n puede facilitar la comunicaci\u00f3n de una variedad de materiales, incluidos contratos, planos de construcci\u00f3n y especificaciones de construcci\u00f3n.<\/p>\n\t\t\t\t\t\t\t\t<\/div>\n\t\t\t\t<\/div>\n\t\t\t\t<div class=\"elementor-element elementor-element-4d6c661 elementor-widget elementor-widget-text-editor\" data-id=\"4d6c661\" data-element_type=\"widget\" data-e-type=\"widget\" data-widget_type=\"text-editor.default\">\n\t\t\t\t<div class=\"elementor-widget-container\">\n\t\t\t\t\t\t\t\t\t<p>Somos una agencia l\u00edder de servicios ling\u00fc\u00edsticos que ofrece servicios profesionales de traducci\u00f3n para la construcci\u00f3n. Nuestros traductores son expertos en idiomas nativos que mantendr\u00e1n tanto el contexto cultural como el significado del autor en el idioma original. Adem\u00e1s, brindamos nuestros servicios de traducci\u00f3n en m\u00e1s de 135 idiomas, por lo que no importa qu\u00e9 idioma necesite traducir, puede estar seguro de que estamos familiarizados con las necesidades de los hablantes del idioma, incluidos los dialectos espec\u00edficos.<\/p>\n\t\t\t\t\t\t\t\t<\/div>\n\t\t\t\t<\/div>\n\t\t\t\t<div class=\"elementor-element elementor-element-87f36a4 elementor-widget elementor-widget-text-editor\" data-id=\"87f36a4\" data-element_type=\"widget\" data-e-type=\"widget\" data-widget_type=\"text-editor.default\">\n\t\t\t\t<div class=\"elementor-widget-container\">\n\t\t\t\t\t\t\t\t\t<p>Nuestros traductores tambi\u00e9n est\u00e1n muy familiarizados con la terminolog\u00eda espec\u00edfica de la industria de la construcci\u00f3n. Esta amplia experiencia exige y garantiza que utilicemos un lenguaje equivalente correcto en todas las traducciones que son espec\u00edficas de cada grupo individual de hablantes de idiomas de un pa\u00eds o regi\u00f3n en particular. Esto significa que la terminolog\u00eda que usamos para una audiencia mexicana puede no ser la misma que usar\u00edamos para una audiencia de Espa\u00f1a, porque los t\u00e9rminos y el estilo de escritura al que est\u00e1n acostumbrados son diferentes.<\/p>\n\t\t\t\t\t\t\t\t<\/div>\n\t\t\t\t<\/div>\n\t\t\t\t<div class=\"elementor-element elementor-element-933c6eb elementor-widget elementor-widget-text-editor\" data-id=\"933c6eb\" data-element_type=\"widget\" data-e-type=\"widget\" data-widget_type=\"text-editor.default\">\n\t\t\t\t<div class=\"elementor-widget-container\">\n\t\t\t\t\t\t\t\t\tAlgunos ejemplos de los servicios ling\u00fc\u00edsticos que brindamos en la industria de la construcci\u00f3n incluyen:\n<ul class=\"ul-image-pos\">\n \n<li>Manuales de operaciones<\/li>\n<li>P\u00e1ginas web<\/li>\n<li>Contratos<\/li>\n<li>Planos de construcci\u00f3n<\/li>\n<li>documentaci\u00f3n de salud y seguridad<\/li>\n<li>Libros de especificaciones<\/li>\n<li>Folletos<\/li>\n<\/ul>\t\t\t\t\t\t\t\t<\/div>\n\t\t\t\t<\/div>\n\t\t\t\t<div class=\"elementor-element elementor-element-dd54299 elementor-widget elementor-widget-text-editor\" data-id=\"dd54299\" data-element_type=\"widget\" data-e-type=\"widget\" data-widget_type=\"text-editor.default\">\n\t\t\t\t<div class=\"elementor-widget-container\">\n\t\t\t\t\t\t\t\t\tTranslation Excellence observa los siguientes est\u00e1ndares de calidad para lograr la m\u00e1xima satisfacci\u00f3n del cliente:\n<ul class=\"check_single\">\n<li>Puntualidad en cada traducci\u00f3n que nos asignan<\/li>\n<li>Precisi\u00f3n 100% garantizada<\/li>\n<li>Ling\u00fcistas certificadas<\/li>\n<li>Estrictos est\u00e1ndares de profesionalismo y confidencialidad.<\/li>\n<\/ul>\t\t\t\t\t\t\t\t<\/div>\n\t\t\t\t<\/div>\n\t\t\t\t<div class=\"elementor-element elementor-element-f1c38d7 elementor-widget elementor-widget-text-editor\" data-id=\"f1c38d7\" data-element_type=\"widget\" data-e-type=\"widget\" data-widget_type=\"text-editor.default\">\n\t\t\t\t<div class=\"elementor-widget-container\">\n\t\t\t\t\t\t\t\t\t<p>Ya sea que forme parte de una gran empresa de construcci\u00f3n internacional o trabaje con una empresa local m\u00e1s peque\u00f1a, podemos brindarle nuestros servicios ling\u00fc\u00edsticos de calidad profesional para garantizar puntualidad, precisi\u00f3n, profesionalismo y satisfacci\u00f3n del cliente.<\/p>\n\t\t\t\t\t\t\t\t<\/div>\n\t\t\t\t<\/div>\n\t\t\t\t<div class=\"elementor-element elementor-element-f4bc2fb elementor-widget elementor-widget-text-editor\" data-id=\"f4bc2fb\" data-element_type=\"widget\" data-e-type=\"widget\" data-widget_type=\"text-editor.default\">\n\t\t\t\t<div class=\"elementor-widget-container\">\n\t\t\t\t\t\t\t\t\t<p>For more information or a free quote, <a title=\"Solicitar presupuesto\" href=\"https:\/\/translationexcellence.com\/es\/solicitar-presupuesto\/\">please click here<\/a> or feel free to give us a call at 877409.6737 or 720.325.0459.<\/p>\n\t\t\t\t\t\t\t\t<\/div>\n\t\t\t\t<\/div>\n\t\t\t\t\t<\/div>\n\t\t<\/div>\n\t\t\t\t\t<\/div>\n\t\t<\/section>\n\t\t\t\t\t<\/div>\n\t\t<\/div>\n\t\t\t\t\t<\/div>\n\t\t<\/section>\n\t\t\t\t<\/div>\n\t\t","protected":false},"excerpt":{"rendered":"<p>Servicios de traducci\u00f3n para la construcci\u00f3n Ponte en contacto Reserve una consulta GRATUITA con un Experto en servicios ling\u00fc\u00edsticos Servicios profesionales de traducci\u00f3n para la construcci\u00f3n que le ahorran tiempo y dinero Cuando se trabaja en la industria de la construcci\u00f3n, pueden surgir dificultades al trabajar con personas que no hablan el mismo idioma que<\/p>\n<p class=\"read-more\"> <a class=\"moretag\" href=\"https:\/\/translationexcellence.com\/es\/servicios-de-traduccion-para-la-construccion\/\"><span class=\"screen-reader-text\">Servicios de traducci\u00f3n para la construcci\u00f3n<\/span>Read More<\/a><\/p>\n","protected":false},"author":1,"featured_media":0,"parent":0,"menu_order":0,"comment_status":"closed","ping_status":"closed","template":"","meta":{"_acf_changed":false,"site-sidebar-layout":"no-sidebar","site-content-layout":"plain-container","ast-site-content-layout":"normal-width-container","site-content-style":"unboxed","site-sidebar-style":"unboxed","ast-global-header-display":"","ast-banner-title-visibility":"","ast-main-header-display":"","ast-hfb-above-header-display":"","ast-hfb-below-header-display":"","ast-hfb-mobile-header-display":"","site-post-title":"disabled","ast-breadcrumbs-content":"","ast-featured-img":"","footer-sml-layout":"","ast-disable-related-posts":"","theme-transparent-header-meta":"enabled","adv-header-id-meta":"","stick-header-meta":"","header-above-stick-meta":"","header-main-stick-meta":"","header-below-stick-meta":"","astra-migrate-meta-layouts":"set","ast-page-background-enabled":"default","ast-page-background-meta":{"desktop":{"background-color":"var(--ast-global-color-4)","background-image":"","background-repeat":"repeat","background-position":"center center","background-size":"auto","background-attachment":"scroll","background-type":"","background-media":"","overlay-type":"","overlay-color":"","overlay-opacity":"","overlay-gradient":""},"tablet":{"background-color":"","background-image":"","background-repeat":"repeat","background-position":"center center","background-size":"auto","background-attachment":"scroll","background-type":"","background-media":"","overlay-type":"","overlay-color":"","overlay-opacity":"","overlay-gradient":""},"mobile":{"background-color":"","background-image":"","background-repeat":"repeat","background-position":"center center","background-size":"auto","background-attachment":"scroll","background-type":"","background-media":"","overlay-type":"","overlay-color":"","overlay-opacity":"","overlay-gradient":""}},"ast-content-background-meta":{"desktop":{"background-color":"var(--ast-global-color-5)","background-image":"","background-repeat":"repeat","background-position":"center center","background-size":"auto","background-attachment":"scroll","background-type":"","background-media":"","overlay-type":"","overlay-color":"","overlay-opacity":"","overlay-gradient":""},"tablet":{"background-color":"var(--ast-global-color-5)","background-image":"","background-repeat":"repeat","background-position":"center center","background-size":"auto","background-attachment":"scroll","background-type":"","background-media":"","overlay-type":"","overlay-color":"","overlay-opacity":"","overlay-gradient":""},"mobile":{"background-color":"var(--ast-global-color-5)","background-image":"","background-repeat":"repeat","background-position":"center center","background-size":"auto","background-attachment":"scroll","background-type":"","background-media":"","overlay-type":"","overlay-color":"","overlay-opacity":"","overlay-gradient":""}},"footnotes":""},"class_list":["post-17895","page","type-page","status-publish","hentry"],"acf":[],"yoast_head":"<!-- This site is optimized with the Yoast SEO plugin v27.2 - https:\/\/yoast.com\/product\/yoast-seo-wordpress\/ -->\n<title>Servicios de traducci\u00f3n para la construcci\u00f3n - Translation Excellence<\/title>\n<meta name=\"description\" content=\"Brindamos servicios de traducci\u00f3n especializados para la industria de la construcci\u00f3n, facilitando la comunicaci\u00f3n efectiva en proyectos multiling\u00fces.\" \/>\n<meta name=\"robots\" content=\"index, follow, max-snippet:-1, max-image-preview:large, max-video-preview:-1\" \/>\n<link rel=\"canonical\" href=\"https:\/\/translationexcellence.com\/es\/servicios-de-traduccion-para-la-construccion\/\" \/>\n<meta property=\"og:locale\" content=\"es_ES\" \/>\n<meta property=\"og:type\" content=\"article\" \/>\n<meta property=\"og:title\" content=\"Servicios de traducci\u00f3n para la construcci\u00f3n - Translation Excellence\" \/>\n<meta property=\"og:description\" content=\"Brindamos servicios de traducci\u00f3n especializados para la industria de la construcci\u00f3n, facilitando la comunicaci\u00f3n efectiva en proyectos multiling\u00fces.\" \/>\n<meta property=\"og:url\" content=\"https:\/\/translationexcellence.com\/es\/servicios-de-traduccion-para-la-construccion\/\" \/>\n<meta property=\"og:site_name\" content=\"Translation Excellence\" \/>\n<meta property=\"article:modified_time\" content=\"2024-02-12T12:29:12+00:00\" \/>\n<meta name=\"twitter:card\" content=\"summary_large_image\" \/>\n<meta name=\"twitter:label1\" content=\"Tiempo de lectura\" \/>\n\t<meta name=\"twitter:data1\" content=\"2 minutos\" \/>\n<script type=\"application\/ld+json\" class=\"yoast-schema-graph\">{\"@context\":\"https:\/\/schema.org\",\"@graph\":[{\"@type\":\"WebPage\",\"@id\":\"https:\/\/translationexcellence.com\/es\/servicios-de-traduccion-para-la-construccion\/\",\"url\":\"https:\/\/translationexcellence.com\/es\/servicios-de-traduccion-para-la-construccion\/\",\"name\":\"Servicios de traducci\u00f3n para la construcci\u00f3n - Translation Excellence\",\"isPartOf\":{\"@id\":\"https:\/\/translationexcellence.com\/es\/#website\"},\"datePublished\":\"2023-08-17T12:21:08+00:00\",\"dateModified\":\"2024-02-12T12:29:12+00:00\",\"description\":\"Brindamos servicios de traducci\u00f3n especializados para la industria de la construcci\u00f3n, facilitando la comunicaci\u00f3n efectiva en proyectos multiling\u00fces.\",\"breadcrumb\":{\"@id\":\"https:\/\/translationexcellence.com\/es\/servicios-de-traduccion-para-la-construccion\/#breadcrumb\"},\"inLanguage\":\"es\",\"potentialAction\":[{\"@type\":\"ReadAction\",\"target\":[\"https:\/\/translationexcellence.com\/es\/servicios-de-traduccion-para-la-construccion\/\"]}]},{\"@type\":\"BreadcrumbList\",\"@id\":\"https:\/\/translationexcellence.com\/es\/servicios-de-traduccion-para-la-construccion\/#breadcrumb\",\"itemListElement\":[{\"@type\":\"ListItem\",\"position\":1,\"name\":\"Home\",\"item\":\"https:\/\/translationexcellence.com\/es\/\"},{\"@type\":\"ListItem\",\"position\":2,\"name\":\"Servicios de traducci\u00f3n para la construcci\u00f3n\"}]},{\"@type\":\"WebSite\",\"@id\":\"https:\/\/translationexcellence.com\/es\/#website\",\"url\":\"https:\/\/translationexcellence.com\/es\/\",\"name\":\"Translation Excellence\",\"description\":\"\",\"publisher\":{\"@id\":\"https:\/\/translationexcellence.com\/es\/#organization\"},\"potentialAction\":[{\"@type\":\"SearchAction\",\"target\":{\"@type\":\"EntryPoint\",\"urlTemplate\":\"https:\/\/translationexcellence.com\/es\/?s={search_term_string}\"},\"query-input\":{\"@type\":\"PropertyValueSpecification\",\"valueRequired\":true,\"valueName\":\"search_term_string\"}}],\"inLanguage\":\"es\"},{\"@type\":\"Organization\",\"@id\":\"https:\/\/translationexcellence.com\/es\/#organization\",\"name\":\"Translation Excellence\",\"url\":\"https:\/\/translationexcellence.com\/es\/\",\"logo\":{\"@type\":\"ImageObject\",\"inLanguage\":\"es\",\"@id\":\"https:\/\/translationexcellence.com\/es\/#\/schema\/logo\/image\/\",\"url\":\"https:\/\/translationexcellence.com\/wp-content\/uploads\/2023\/07\/Image-1.png\",\"contentUrl\":\"https:\/\/translationexcellence.com\/wp-content\/uploads\/2023\/07\/Image-1.png\",\"width\":274,\"height\":80,\"caption\":\"Translation Excellence\"},\"image\":{\"@id\":\"https:\/\/translationexcellence.com\/es\/#\/schema\/logo\/image\/\"}}]}<\/script>\n<!-- \/ Yoast SEO plugin. -->","yoast_head_json":{"title":"Servicios de traducci\u00f3n para la construcci\u00f3n - Translation Excellence","description":"Brindamos servicios de traducci\u00f3n especializados para la industria de la construcci\u00f3n, facilitando la comunicaci\u00f3n efectiva en proyectos multiling\u00fces.","robots":{"index":"index","follow":"follow","max-snippet":"max-snippet:-1","max-image-preview":"max-image-preview:large","max-video-preview":"max-video-preview:-1"},"canonical":"https:\/\/translationexcellence.com\/es\/servicios-de-traduccion-para-la-construccion\/","og_locale":"es_ES","og_type":"article","og_title":"Servicios de traducci\u00f3n para la construcci\u00f3n - Translation Excellence","og_description":"Brindamos servicios de traducci\u00f3n especializados para la industria de la construcci\u00f3n, facilitando la comunicaci\u00f3n efectiva en proyectos multiling\u00fces.","og_url":"https:\/\/translationexcellence.com\/es\/servicios-de-traduccion-para-la-construccion\/","og_site_name":"Translation Excellence","article_modified_time":"2024-02-12T12:29:12+00:00","twitter_card":"summary_large_image","twitter_misc":{"Tiempo de lectura":"2 minutos"},"schema":{"@context":"https:\/\/schema.org","@graph":[{"@type":"WebPage","@id":"https:\/\/translationexcellence.com\/es\/servicios-de-traduccion-para-la-construccion\/","url":"https:\/\/translationexcellence.com\/es\/servicios-de-traduccion-para-la-construccion\/","name":"Servicios de traducci\u00f3n para la construcci\u00f3n - Translation Excellence","isPartOf":{"@id":"https:\/\/translationexcellence.com\/es\/#website"},"datePublished":"2023-08-17T12:21:08+00:00","dateModified":"2024-02-12T12:29:12+00:00","description":"Brindamos servicios de traducci\u00f3n especializados para la industria de la construcci\u00f3n, facilitando la comunicaci\u00f3n efectiva en proyectos multiling\u00fces.","breadcrumb":{"@id":"https:\/\/translationexcellence.com\/es\/servicios-de-traduccion-para-la-construccion\/#breadcrumb"},"inLanguage":"es","potentialAction":[{"@type":"ReadAction","target":["https:\/\/translationexcellence.com\/es\/servicios-de-traduccion-para-la-construccion\/"]}]},{"@type":"BreadcrumbList","@id":"https:\/\/translationexcellence.com\/es\/servicios-de-traduccion-para-la-construccion\/#breadcrumb","itemListElement":[{"@type":"ListItem","position":1,"name":"Home","item":"https:\/\/translationexcellence.com\/es\/"},{"@type":"ListItem","position":2,"name":"Servicios de traducci\u00f3n para la construcci\u00f3n"}]},{"@type":"WebSite","@id":"https:\/\/translationexcellence.com\/es\/#website","url":"https:\/\/translationexcellence.com\/es\/","name":"Translation Excellence","description":"","publisher":{"@id":"https:\/\/translationexcellence.com\/es\/#organization"},"potentialAction":[{"@type":"SearchAction","target":{"@type":"EntryPoint","urlTemplate":"https:\/\/translationexcellence.com\/es\/?s={search_term_string}"},"query-input":{"@type":"PropertyValueSpecification","valueRequired":true,"valueName":"search_term_string"}}],"inLanguage":"es"},{"@type":"Organization","@id":"https:\/\/translationexcellence.com\/es\/#organization","name":"Translation Excellence","url":"https:\/\/translationexcellence.com\/es\/","logo":{"@type":"ImageObject","inLanguage":"es","@id":"https:\/\/translationexcellence.com\/es\/#\/schema\/logo\/image\/","url":"https:\/\/translationexcellence.com\/wp-content\/uploads\/2023\/07\/Image-1.png","contentUrl":"https:\/\/translationexcellence.com\/wp-content\/uploads\/2023\/07\/Image-1.png","width":274,"height":80,"caption":"Translation Excellence"},"image":{"@id":"https:\/\/translationexcellence.com\/es\/#\/schema\/logo\/image\/"}}]}},"_links":{"self":[{"href":"https:\/\/translationexcellence.com\/es\/wp-json\/wp\/v2\/pages\/17895","targetHints":{"allow":["GET"]}}],"collection":[{"href":"https:\/\/translationexcellence.com\/es\/wp-json\/wp\/v2\/pages"}],"about":[{"href":"https:\/\/translationexcellence.com\/es\/wp-json\/wp\/v2\/types\/page"}],"author":[{"embeddable":true,"href":"https:\/\/translationexcellence.com\/es\/wp-json\/wp\/v2\/users\/1"}],"replies":[{"embeddable":true,"href":"https:\/\/translationexcellence.com\/es\/wp-json\/wp\/v2\/comments?post=17895"}],"version-history":[{"count":0,"href":"https:\/\/translationexcellence.com\/es\/wp-json\/wp\/v2\/pages\/17895\/revisions"}],"wp:attachment":[{"href":"https:\/\/translationexcellence.com\/es\/wp-json\/wp\/v2\/media?parent=17895"}],"curies":[{"name":"wp","href":"https:\/\/api.w.org\/{rel}","templated":true}]}}