{"id":17919,"date":"2023-08-17T12:59:43","date_gmt":"2023-08-17T12:59:43","guid":{"rendered":"https:\/\/translationexcellence.com\/contacte-con-nosotros-2\/"},"modified":"2024-08-28T13:55:11","modified_gmt":"2024-08-28T13:55:11","slug":"contacte-con-nosotros-2","status":"publish","type":"page","link":"https:\/\/translationexcellence.com\/es\/contacte-con-nosotros-2\/","title":{"rendered":"P\u00f3ngase en contacto con nosotros"},"content":{"rendered":"\t\t<div data-elementor-type=\"wp-page\" data-elementor-id=\"17919\" class=\"elementor elementor-17919 elementor-8377\" data-elementor-post-type=\"page\">\n\t\t\t\t\t\t<section class=\"elementor-section elementor-top-section elementor-element elementor-element-75272c3 elementor-section-full_width elementor-section-stretched homebanner elementor-section-height-default elementor-section-height-default\" data-id=\"75272c3\" data-element_type=\"section\" data-e-type=\"section\" data-settings=\"{&quot;stretch_section&quot;:&quot;section-stretched&quot;,&quot;background_background&quot;:&quot;slideshow&quot;,&quot;background_slideshow_gallery&quot;:[],&quot;background_slideshow_slide_duration&quot;:5000,&quot;background_slideshow_slide_transition&quot;:&quot;fade&quot;,&quot;background_slideshow_transition_duration&quot;:500}\">\n\t\t\t\t\t\t<div class=\"elementor-container elementor-column-gap-default\">\n\t\t\t\t\t<div class=\"elementor-column elementor-col-100 elementor-top-column elementor-element elementor-element-39423d5\" data-id=\"39423d5\" data-element_type=\"column\" data-e-type=\"column\" data-settings=\"{&quot;background_background&quot;:&quot;classic&quot;}\">\n\t\t\t<div class=\"elementor-widget-wrap elementor-element-populated\">\n\t\t\t\t\t\t<section class=\"elementor-section elementor-inner-section elementor-element elementor-element-eaab198 elementor-section-height-min-height elementor-section-boxed elementor-section-height-default\" data-id=\"eaab198\" data-element_type=\"section\" data-e-type=\"section\">\n\t\t\t\t\t\t<div class=\"elementor-container elementor-column-gap-default\">\n\t\t\t\t\t<div class=\"elementor-column elementor-col-50 elementor-inner-column elementor-element elementor-element-0ba2c2b\" data-id=\"0ba2c2b\" data-element_type=\"column\" data-e-type=\"column\">\n\t\t\t<div class=\"elementor-widget-wrap elementor-element-populated\">\n\t\t\t\t\t\t<div class=\"elementor-element elementor-element-6dabaa7 elementor-widget elementor-widget-heading\" data-id=\"6dabaa7\" data-element_type=\"widget\" data-e-type=\"widget\" data-widget_type=\"heading.default\">\n\t\t\t\t<div class=\"elementor-widget-container\">\n\t\t\t\t\t<h1 class=\"elementor-heading-title elementor-size-default\">P\u00f3ngase en contacto con nosotros<\/h1>\t\t\t\t<\/div>\n\t\t\t\t<\/div>\n\t\t\t\t<div class=\"elementor-element elementor-element-ddce613 elementor-widget elementor-widget-text-editor\" data-id=\"ddce613\" data-element_type=\"widget\" data-e-type=\"widget\" data-widget_type=\"text-editor.default\">\n\t\t\t\t<div class=\"elementor-widget-container\">\n\t\t\t\t\t\t\t\t\t<p>P\u00f3ngase en contacto con nosotros hoy mismo.<\/p>\n\t\t\t\t\t\t\t\t<\/div>\n\t\t\t\t<\/div>\n\t\t\t\t<section class=\"elementor-section elementor-inner-section elementor-element elementor-element-c2b51bf elementor-section-full_width elementor-section-content-middle elementor-section-height-default elementor-section-height-default\" data-id=\"c2b51bf\" data-element_type=\"section\" data-e-type=\"section\">\n\t\t\t\t\t\t<div class=\"elementor-container elementor-column-gap-no\">\n\t\t\t\t\t<div class=\"elementor-column elementor-col-50 elementor-inner-column elementor-element elementor-element-520edc0 topheadercss\" data-id=\"520edc0\" data-element_type=\"column\" data-e-type=\"column\">\n\t\t\t<div class=\"elementor-widget-wrap elementor-element-populated\">\n\t\t\t\t\t\t<div class=\"elementor-element elementor-element-09cc3fa elementor-align-left elementor-widget elementor-widget-button\" data-id=\"09cc3fa\" data-element_type=\"widget\" data-e-type=\"widget\" data-widget_type=\"button.default\">\n\t\t\t\t<div class=\"elementor-widget-container\">\n\t\t\t\t\t\t\t\t\t<div class=\"elementor-button-wrapper\">\n\t\t\t\t\t<a class=\"elementor-button elementor-button-link elementor-size-md\" href=\"#\">\n\t\t\t\t\t\t<span class=\"elementor-button-content-wrapper\">\n\t\t\t\t\t\t\t\t\t<span class=\"elementor-button-text\">P\u00f3ngase en contacto<\/span>\n\t\t\t\t\t<\/span>\n\t\t\t\t\t<\/a>\n\t\t\t\t<\/div>\n\t\t\t\t\t\t\t\t<\/div>\n\t\t\t\t<\/div>\n\t\t\t\t\t<\/div>\n\t\t<\/div>\n\t\t\t\t<div class=\"elementor-column elementor-col-50 elementor-inner-column elementor-element elementor-element-3353ff0\" data-id=\"3353ff0\" data-element_type=\"column\" data-e-type=\"column\">\n\t\t\t<div class=\"elementor-widget-wrap elementor-element-populated\">\n\t\t\t\t\t\t<div class=\"elementor-element elementor-element-508291d elementor-align-left elementor-widget elementor-widget-button\" data-id=\"508291d\" data-element_type=\"widget\" data-e-type=\"widget\" data-widget_type=\"button.default\">\n\t\t\t\t<div class=\"elementor-widget-container\">\n\t\t\t\t\t\t\t\t\t<div class=\"elementor-button-wrapper\">\n\t\t\t\t\t<a class=\"elementor-button elementor-button-link elementor-size-md\" href=\"https:\/\/translationexcellence1.zohobookings.com\/#\/customer\/translationexcellence\" target=\"_blank\">\n\t\t\t\t\t\t<span class=\"elementor-button-content-wrapper\">\n\t\t\t\t\t\t\t\t\t<span class=\"elementor-button-text\">Reserve una consulta GRATUITA con un <br>experto en servicios ling\u00fc\u00edsticos<\/span>\n\t\t\t\t\t<\/span>\n\t\t\t\t\t<\/a>\n\t\t\t\t<\/div>\n\t\t\t\t\t\t\t\t<\/div>\n\t\t\t\t<\/div>\n\t\t\t\t\t<\/div>\n\t\t<\/div>\n\t\t\t\t\t<\/div>\n\t\t<\/section>\n\t\t\t\t\t<\/div>\n\t\t<\/div>\n\t\t\t\t<div class=\"elementor-column elementor-col-50 elementor-inner-column elementor-element elementor-element-601285b\" data-id=\"601285b\" data-element_type=\"column\" data-e-type=\"column\">\n\t\t\t<div class=\"elementor-widget-wrap\">\n\t\t\t\t\t\t\t<\/div>\n\t\t<\/div>\n\t\t\t\t\t<\/div>\n\t\t<\/section>\n\t\t\t\t\t<\/div>\n\t\t<\/div>\n\t\t\t\t\t<\/div>\n\t\t<\/section>\n\t\t\t\t<section class=\"elementor-section elementor-top-section elementor-element elementor-element-984a48b elementor-section-full_width elementor-section-stretched elementor-section-height-default elementor-section-height-default\" data-id=\"984a48b\" data-element_type=\"section\" data-e-type=\"section\" data-settings=\"{&quot;stretch_section&quot;:&quot;section-stretched&quot;}\">\n\t\t\t\t\t\t<div class=\"elementor-container elementor-column-gap-default\">\n\t\t\t\t\t<div class=\"elementor-column elementor-col-100 elementor-top-column elementor-element elementor-element-42c4b68\" data-id=\"42c4b68\" data-element_type=\"column\" data-e-type=\"column\" data-settings=\"{&quot;background_background&quot;:&quot;classic&quot;}\">\n\t\t\t<div class=\"elementor-widget-wrap elementor-element-populated\">\n\t\t\t\t\t\t<section class=\"elementor-section elementor-inner-section elementor-element elementor-element-0f1dadc elementor-section-full_width about_inner elementor-section-height-default elementor-section-height-default\" data-id=\"0f1dadc\" data-element_type=\"section\" data-e-type=\"section\">\n\t\t\t\t\t\t<div class=\"elementor-container elementor-column-gap-default\">\n\t\t\t\t\t<div class=\"elementor-column elementor-col-100 elementor-inner-column elementor-element elementor-element-16acadd certificate\" data-id=\"16acadd\" data-element_type=\"column\" data-e-type=\"column\" data-settings=\"{&quot;background_background&quot;:&quot;classic&quot;}\">\n\t\t\t<div class=\"elementor-widget-wrap elementor-element-populated\">\n\t\t\t\t\t\t<section class=\"elementor-section elementor-inner-section elementor-element elementor-element-4fb7064 elementor-section-boxed elementor-section-height-default elementor-section-height-default\" data-id=\"4fb7064\" data-element_type=\"section\" data-e-type=\"section\">\n\t\t\t\t\t\t<div class=\"elementor-container elementor-column-gap-default\">\n\t\t\t\t\t<div class=\"elementor-column elementor-col-100 elementor-inner-column elementor-element elementor-element-2eaa72f\" data-id=\"2eaa72f\" data-element_type=\"column\" data-e-type=\"column\">\n\t\t\t<div class=\"elementor-widget-wrap elementor-element-populated\">\n\t\t\t\t\t\t<div class=\"elementor-element elementor-element-28cc5a5 elementor-widget elementor-widget-heading\" data-id=\"28cc5a5\" data-element_type=\"widget\" data-e-type=\"widget\" data-widget_type=\"heading.default\">\n\t\t\t\t<div class=\"elementor-widget-container\">\n\t\t\t\t\t<h2 class=\"elementor-heading-title elementor-size-default\">P\u00f3ngase en contacto con nosotros<\/h2>\t\t\t\t<\/div>\n\t\t\t\t<\/div>\n\t\t\t\t\t<\/div>\n\t\t<\/div>\n\t\t\t\t\t<\/div>\n\t\t<\/section>\n\t\t\t\t<section class=\"elementor-section elementor-inner-section elementor-element elementor-element-c2cae11 elementor-section-boxed elementor-section-height-default elementor-section-height-default\" data-id=\"c2cae11\" data-element_type=\"section\" data-e-type=\"section\">\n\t\t\t\t\t\t<div class=\"elementor-container elementor-column-gap-default\">\n\t\t\t\t\t<div class=\"elementor-column elementor-col-20 elementor-inner-column elementor-element elementor-element-a6988af elementor-hidden-mobile\" data-id=\"a6988af\" data-element_type=\"column\" data-e-type=\"column\">\n\t\t\t<div class=\"elementor-widget-wrap\">\n\t\t\t\t\t\t\t<\/div>\n\t\t<\/div>\n\t\t\t\t<div class=\"elementor-column elementor-col-20 elementor-inner-column elementor-element elementor-element-62012d6\" data-id=\"62012d6\" data-element_type=\"column\" data-e-type=\"column\">\n\t\t\t<div class=\"elementor-widget-wrap elementor-element-populated\">\n\t\t\t\t\t\t<div class=\"elementor-element elementor-element-4f182a7 elementor-widget__width-inherit elementor-position-top elementor-widget elementor-widget-image-box\" data-id=\"4f182a7\" data-element_type=\"widget\" data-e-type=\"widget\" data-widget_type=\"image-box.default\">\n\t\t\t\t<div class=\"elementor-widget-container\">\n\t\t\t\t\t<div class=\"elementor-image-box-wrapper\"><figure class=\"elementor-image-box-img\"><a href=\"http:\/\/104.211.25.86:7097\/es\/?page_id=12745\" tabindex=\"-1\"><img decoding=\"async\" width=\"141\" height=\"134\" src=\"https:\/\/translationexcellence.com\/wp-content\/uploads\/2023\/07\/contact-us.png\" class=\"attachment-full size-full wp-image-6834\" alt=\"contact-us\" \/><\/a><\/figure><div class=\"elementor-image-box-content\"><span class=\"elementor-image-box-title\"><a href=\"http:\/\/104.211.25.86:7097\/es\/?page_id=12745\">P\u00f3ngase en contacto con nosotros<\/a><\/span><\/div><\/div>\t\t\t\t<\/div>\n\t\t\t\t<\/div>\n\t\t\t\t\t<\/div>\n\t\t<\/div>\n\t\t\t\t<div class=\"elementor-column elementor-col-20 elementor-inner-column elementor-element elementor-element-c67172c\" data-id=\"c67172c\" data-element_type=\"column\" data-e-type=\"column\">\n\t\t\t<div class=\"elementor-widget-wrap elementor-element-populated\">\n\t\t\t\t\t\t<div class=\"elementor-element elementor-element-a63ff89 elementor-widget__width-inherit elementor-position-top elementor-widget elementor-widget-image-box\" data-id=\"a63ff89\" data-element_type=\"widget\" data-e-type=\"widget\" data-widget_type=\"image-box.default\">\n\t\t\t\t<div class=\"elementor-widget-container\">\n\t\t\t\t\t<div class=\"elementor-image-box-wrapper\"><figure class=\"elementor-image-box-img\"><a href=\"\/contacto-nosotros\/solicitud-de-cotizaci\u00f3n\/\" tabindex=\"-1\"><img decoding=\"async\" width=\"146\" height=\"134\" src=\"https:\/\/translationexcellence.com\/wp-content\/uploads\/2023\/07\/request-a-quote.png\" class=\"attachment-full size-full wp-image-6835\" alt=\"request-a-quote\" \/><\/a><\/figure><div class=\"elementor-image-box-content\"><span class=\"elementor-image-box-title\"><a href=\"\/contacto-nosotros\/solicitud-de-cotizaci\u00f3n\/\">Solicite un presupuesto<\/a><\/span><\/div><\/div>\t\t\t\t<\/div>\n\t\t\t\t<\/div>\n\t\t\t\t\t<\/div>\n\t\t<\/div>\n\t\t\t\t<div class=\"elementor-column elementor-col-20 elementor-inner-column elementor-element elementor-element-a39a6b1\" data-id=\"a39a6b1\" data-element_type=\"column\" data-e-type=\"column\">\n\t\t\t<div class=\"elementor-widget-wrap elementor-element-populated\">\n\t\t\t\t\t\t<div class=\"elementor-element elementor-element-8e52404 elementor-widget__width-inherit elementor-position-top elementor-widget elementor-widget-image-box\" data-id=\"8e52404\" data-element_type=\"widget\" data-e-type=\"widget\" data-widget_type=\"image-box.default\">\n\t\t\t\t<div class=\"elementor-widget-container\">\n\t\t\t\t\t<div class=\"elementor-image-box-wrapper\"><figure class=\"elementor-image-box-img\"><img decoding=\"async\" width=\"139\" height=\"134\" src=\"https:\/\/translationexcellence.com\/wp-content\/uploads\/2023\/07\/Tell-Us-How-we-Doing.png\" class=\"attachment-full size-full wp-image-6836\" alt=\"tell-us-how-we-doing\" \/><\/figure><div class=\"elementor-image-box-content\"><span class=\"elementor-image-box-title\">D\u00edganos c\u00f3mo lo estamos haciendo<\/span><\/div><\/div>\t\t\t\t<\/div>\n\t\t\t\t<\/div>\n\t\t\t\t\t<\/div>\n\t\t<\/div>\n\t\t\t\t<div class=\"elementor-column elementor-col-20 elementor-inner-column elementor-element elementor-element-f602ec0 elementor-hidden-mobile\" data-id=\"f602ec0\" data-element_type=\"column\" data-e-type=\"column\">\n\t\t\t<div class=\"elementor-widget-wrap\">\n\t\t\t\t\t\t\t<\/div>\n\t\t<\/div>\n\t\t\t\t\t<\/div>\n\t\t<\/section>\n\t\t\t\t\t<\/div>\n\t\t<\/div>\n\t\t\t\t\t<\/div>\n\t\t<\/section>\n\t\t\t\t\t<\/div>\n\t\t<\/div>\n\t\t\t\t\t<\/div>\n\t\t<\/section>\n\t\t\t\t<\/div>\n\t\t","protected":false},"excerpt":{"rendered":"<p>P\u00f3ngase en contacto con nosotros P\u00f3ngase en contacto con nosotros hoy mismo. P\u00f3ngase en contacto Reserve una consulta GRATUITA con un experto en servicios ling\u00fc\u00edsticos P\u00f3ngase en contacto con nosotros P\u00f3ngase en contacto con nosotros Solicite un presupuesto D\u00edganos c\u00f3mo lo estamos haciendo<\/p>\n","protected":false},"author":1,"featured_media":0,"parent":0,"menu_order":0,"comment_status":"closed","ping_status":"closed","template":"","meta":{"_acf_changed":false,"site-sidebar-layout":"no-sidebar","site-content-layout":"plain-container","ast-site-content-layout":"normal-width-container","site-content-style":"unboxed","site-sidebar-style":"unboxed","ast-global-header-display":"","ast-banner-title-visibility":"","ast-main-header-display":"","ast-hfb-above-header-display":"","ast-hfb-below-header-display":"","ast-hfb-mobile-header-display":"","site-post-title":"disabled","ast-breadcrumbs-content":"","ast-featured-img":"","footer-sml-layout":"","ast-disable-related-posts":"","theme-transparent-header-meta":"enabled","adv-header-id-meta":"","stick-header-meta":"","header-above-stick-meta":"","header-main-stick-meta":"","header-below-stick-meta":"","astra-migrate-meta-layouts":"set","ast-page-background-enabled":"default","ast-page-background-meta":{"desktop":{"background-color":"var(--ast-global-color-4)","background-image":"","background-repeat":"repeat","background-position":"center center","background-size":"auto","background-attachment":"scroll","background-type":"","background-media":"","overlay-type":"","overlay-color":"","overlay-opacity":"","overlay-gradient":""},"tablet":{"background-color":"","background-image":"","background-repeat":"repeat","background-position":"center center","background-size":"auto","background-attachment":"scroll","background-type":"","background-media":"","overlay-type":"","overlay-color":"","overlay-opacity":"","overlay-gradient":""},"mobile":{"background-color":"","background-image":"","background-repeat":"repeat","background-position":"center center","background-size":"auto","background-attachment":"scroll","background-type":"","background-media":"","overlay-type":"","overlay-color":"","overlay-opacity":"","overlay-gradient":""}},"ast-content-background-meta":{"desktop":{"background-color":"var(--ast-global-color-5)","background-image":"","background-repeat":"repeat","background-position":"center center","background-size":"auto","background-attachment":"scroll","background-type":"","background-media":"","overlay-type":"","overlay-color":"","overlay-opacity":"","overlay-gradient":""},"tablet":{"background-color":"var(--ast-global-color-5)","background-image":"","background-repeat":"repeat","background-position":"center center","background-size":"auto","background-attachment":"scroll","background-type":"","background-media":"","overlay-type":"","overlay-color":"","overlay-opacity":"","overlay-gradient":""},"mobile":{"background-color":"var(--ast-global-color-5)","background-image":"","background-repeat":"repeat","background-position":"center center","background-size":"auto","background-attachment":"scroll","background-type":"","background-media":"","overlay-type":"","overlay-color":"","overlay-opacity":"","overlay-gradient":""}},"footnotes":""},"class_list":["post-17919","page","type-page","status-publish","hentry"],"acf":[],"yoast_head":"<!-- This site is optimized with the Yoast SEO plugin v27.2 - https:\/\/yoast.com\/product\/yoast-seo-wordpress\/ -->\n<title>P\u00f3ngase en contacto con nosotros - Translation Excellence<\/title>\n<meta name=\"robots\" content=\"index, follow, max-snippet:-1, max-image-preview:large, max-video-preview:-1\" \/>\n<link rel=\"canonical\" href=\"https:\/\/translationexcellence.com\/es\/contacte-con-nosotros-2\/\" \/>\n<meta property=\"og:locale\" content=\"es_ES\" \/>\n<meta property=\"og:type\" content=\"article\" \/>\n<meta property=\"og:title\" content=\"P\u00f3ngase en contacto con nosotros - Translation Excellence\" \/>\n<meta property=\"og:description\" content=\"P\u00f3ngase en contacto con nosotros P\u00f3ngase en contacto con nosotros hoy mismo. P\u00f3ngase en contacto Reserve una consulta GRATUITA con un experto en servicios ling\u00fc\u00edsticos P\u00f3ngase en contacto con nosotros P\u00f3ngase en contacto con nosotros Solicite un presupuesto D\u00edganos c\u00f3mo lo estamos haciendo\" \/>\n<meta property=\"og:url\" content=\"https:\/\/translationexcellence.com\/es\/contacte-con-nosotros-2\/\" \/>\n<meta property=\"og:site_name\" content=\"Translation Excellence\" \/>\n<meta property=\"article:modified_time\" content=\"2024-08-28T13:55:11+00:00\" \/>\n<meta property=\"og:image\" content=\"https:\/\/translationexcellence.com\/wp-content\/uploads\/2023\/07\/contact-us.png\" \/>\n<meta name=\"twitter:card\" content=\"summary_large_image\" \/>\n<script type=\"application\/ld+json\" class=\"yoast-schema-graph\">{\"@context\":\"https:\/\/schema.org\",\"@graph\":[{\"@type\":\"WebPage\",\"@id\":\"https:\/\/translationexcellence.com\/es\/contacte-con-nosotros-2\/\",\"url\":\"https:\/\/translationexcellence.com\/es\/contacte-con-nosotros-2\/\",\"name\":\"P\u00f3ngase en contacto con nosotros - Translation Excellence\",\"isPartOf\":{\"@id\":\"https:\/\/translationexcellence.com\/es\/#website\"},\"primaryImageOfPage\":{\"@id\":\"https:\/\/translationexcellence.com\/es\/contacte-con-nosotros-2\/#primaryimage\"},\"image\":{\"@id\":\"https:\/\/translationexcellence.com\/es\/contacte-con-nosotros-2\/#primaryimage\"},\"thumbnailUrl\":\"https:\/\/translationexcellence.com\/wp-content\/uploads\/2023\/07\/contact-us.png\",\"datePublished\":\"2023-08-17T12:59:43+00:00\",\"dateModified\":\"2024-08-28T13:55:11+00:00\",\"breadcrumb\":{\"@id\":\"https:\/\/translationexcellence.com\/es\/contacte-con-nosotros-2\/#breadcrumb\"},\"inLanguage\":\"es\",\"potentialAction\":[{\"@type\":\"ReadAction\",\"target\":[\"https:\/\/translationexcellence.com\/es\/contacte-con-nosotros-2\/\"]}]},{\"@type\":\"ImageObject\",\"inLanguage\":\"es\",\"@id\":\"https:\/\/translationexcellence.com\/es\/contacte-con-nosotros-2\/#primaryimage\",\"url\":\"https:\/\/translationexcellence.com\/wp-content\/uploads\/2023\/07\/contact-us.png\",\"contentUrl\":\"https:\/\/translationexcellence.com\/wp-content\/uploads\/2023\/07\/contact-us.png\"},{\"@type\":\"BreadcrumbList\",\"@id\":\"https:\/\/translationexcellence.com\/es\/contacte-con-nosotros-2\/#breadcrumb\",\"itemListElement\":[{\"@type\":\"ListItem\",\"position\":1,\"name\":\"Home\",\"item\":\"https:\/\/translationexcellence.com\/es\/\"},{\"@type\":\"ListItem\",\"position\":2,\"name\":\"P\u00f3ngase en contacto con nosotros\"}]},{\"@type\":\"WebSite\",\"@id\":\"https:\/\/translationexcellence.com\/es\/#website\",\"url\":\"https:\/\/translationexcellence.com\/es\/\",\"name\":\"Translation Excellence\",\"description\":\"\",\"publisher\":{\"@id\":\"https:\/\/translationexcellence.com\/es\/#organization\"},\"potentialAction\":[{\"@type\":\"SearchAction\",\"target\":{\"@type\":\"EntryPoint\",\"urlTemplate\":\"https:\/\/translationexcellence.com\/es\/?s={search_term_string}\"},\"query-input\":{\"@type\":\"PropertyValueSpecification\",\"valueRequired\":true,\"valueName\":\"search_term_string\"}}],\"inLanguage\":\"es\"},{\"@type\":\"Organization\",\"@id\":\"https:\/\/translationexcellence.com\/es\/#organization\",\"name\":\"Translation Excellence\",\"url\":\"https:\/\/translationexcellence.com\/es\/\",\"logo\":{\"@type\":\"ImageObject\",\"inLanguage\":\"es\",\"@id\":\"https:\/\/translationexcellence.com\/es\/#\/schema\/logo\/image\/\",\"url\":\"https:\/\/translationexcellence.com\/wp-content\/uploads\/2023\/07\/Image-1.png\",\"contentUrl\":\"https:\/\/translationexcellence.com\/wp-content\/uploads\/2023\/07\/Image-1.png\",\"width\":274,\"height\":80,\"caption\":\"Translation Excellence\"},\"image\":{\"@id\":\"https:\/\/translationexcellence.com\/es\/#\/schema\/logo\/image\/\"}}]}<\/script>\n<!-- \/ Yoast SEO plugin. -->","yoast_head_json":{"title":"P\u00f3ngase en contacto con nosotros - Translation Excellence","robots":{"index":"index","follow":"follow","max-snippet":"max-snippet:-1","max-image-preview":"max-image-preview:large","max-video-preview":"max-video-preview:-1"},"canonical":"https:\/\/translationexcellence.com\/es\/contacte-con-nosotros-2\/","og_locale":"es_ES","og_type":"article","og_title":"P\u00f3ngase en contacto con nosotros - Translation Excellence","og_description":"P\u00f3ngase en contacto con nosotros P\u00f3ngase en contacto con nosotros hoy mismo. P\u00f3ngase en contacto Reserve una consulta GRATUITA con un experto en servicios ling\u00fc\u00edsticos P\u00f3ngase en contacto con nosotros P\u00f3ngase en contacto con nosotros Solicite un presupuesto D\u00edganos c\u00f3mo lo estamos haciendo","og_url":"https:\/\/translationexcellence.com\/es\/contacte-con-nosotros-2\/","og_site_name":"Translation Excellence","article_modified_time":"2024-08-28T13:55:11+00:00","og_image":[{"url":"https:\/\/translationexcellence.com\/wp-content\/uploads\/2023\/07\/contact-us.png","type":"","width":"","height":""}],"twitter_card":"summary_large_image","schema":{"@context":"https:\/\/schema.org","@graph":[{"@type":"WebPage","@id":"https:\/\/translationexcellence.com\/es\/contacte-con-nosotros-2\/","url":"https:\/\/translationexcellence.com\/es\/contacte-con-nosotros-2\/","name":"P\u00f3ngase en contacto con nosotros - Translation Excellence","isPartOf":{"@id":"https:\/\/translationexcellence.com\/es\/#website"},"primaryImageOfPage":{"@id":"https:\/\/translationexcellence.com\/es\/contacte-con-nosotros-2\/#primaryimage"},"image":{"@id":"https:\/\/translationexcellence.com\/es\/contacte-con-nosotros-2\/#primaryimage"},"thumbnailUrl":"https:\/\/translationexcellence.com\/wp-content\/uploads\/2023\/07\/contact-us.png","datePublished":"2023-08-17T12:59:43+00:00","dateModified":"2024-08-28T13:55:11+00:00","breadcrumb":{"@id":"https:\/\/translationexcellence.com\/es\/contacte-con-nosotros-2\/#breadcrumb"},"inLanguage":"es","potentialAction":[{"@type":"ReadAction","target":["https:\/\/translationexcellence.com\/es\/contacte-con-nosotros-2\/"]}]},{"@type":"ImageObject","inLanguage":"es","@id":"https:\/\/translationexcellence.com\/es\/contacte-con-nosotros-2\/#primaryimage","url":"https:\/\/translationexcellence.com\/wp-content\/uploads\/2023\/07\/contact-us.png","contentUrl":"https:\/\/translationexcellence.com\/wp-content\/uploads\/2023\/07\/contact-us.png"},{"@type":"BreadcrumbList","@id":"https:\/\/translationexcellence.com\/es\/contacte-con-nosotros-2\/#breadcrumb","itemListElement":[{"@type":"ListItem","position":1,"name":"Home","item":"https:\/\/translationexcellence.com\/es\/"},{"@type":"ListItem","position":2,"name":"P\u00f3ngase en contacto con nosotros"}]},{"@type":"WebSite","@id":"https:\/\/translationexcellence.com\/es\/#website","url":"https:\/\/translationexcellence.com\/es\/","name":"Translation Excellence","description":"","publisher":{"@id":"https:\/\/translationexcellence.com\/es\/#organization"},"potentialAction":[{"@type":"SearchAction","target":{"@type":"EntryPoint","urlTemplate":"https:\/\/translationexcellence.com\/es\/?s={search_term_string}"},"query-input":{"@type":"PropertyValueSpecification","valueRequired":true,"valueName":"search_term_string"}}],"inLanguage":"es"},{"@type":"Organization","@id":"https:\/\/translationexcellence.com\/es\/#organization","name":"Translation Excellence","url":"https:\/\/translationexcellence.com\/es\/","logo":{"@type":"ImageObject","inLanguage":"es","@id":"https:\/\/translationexcellence.com\/es\/#\/schema\/logo\/image\/","url":"https:\/\/translationexcellence.com\/wp-content\/uploads\/2023\/07\/Image-1.png","contentUrl":"https:\/\/translationexcellence.com\/wp-content\/uploads\/2023\/07\/Image-1.png","width":274,"height":80,"caption":"Translation Excellence"},"image":{"@id":"https:\/\/translationexcellence.com\/es\/#\/schema\/logo\/image\/"}}]}},"_links":{"self":[{"href":"https:\/\/translationexcellence.com\/es\/wp-json\/wp\/v2\/pages\/17919","targetHints":{"allow":["GET"]}}],"collection":[{"href":"https:\/\/translationexcellence.com\/es\/wp-json\/wp\/v2\/pages"}],"about":[{"href":"https:\/\/translationexcellence.com\/es\/wp-json\/wp\/v2\/types\/page"}],"author":[{"embeddable":true,"href":"https:\/\/translationexcellence.com\/es\/wp-json\/wp\/v2\/users\/1"}],"replies":[{"embeddable":true,"href":"https:\/\/translationexcellence.com\/es\/wp-json\/wp\/v2\/comments?post=17919"}],"version-history":[{"count":0,"href":"https:\/\/translationexcellence.com\/es\/wp-json\/wp\/v2\/pages\/17919\/revisions"}],"wp:attachment":[{"href":"https:\/\/translationexcellence.com\/es\/wp-json\/wp\/v2\/media?parent=17919"}],"curies":[{"name":"wp","href":"https:\/\/api.w.org\/{rel}","templated":true}]}}