{"id":17947,"date":"2023-08-18T04:38:58","date_gmt":"2023-08-18T04:38:58","guid":{"rendered":"https:\/\/translationexcellence.com\/servicios-de-traduccion-empresarial-y-de-recursos-humanos\/"},"modified":"2026-04-06T15:07:52","modified_gmt":"2026-04-06T15:07:52","slug":"servicios-de-traduccion-empresarial-y-de-recursos-humanos","status":"publish","type":"page","link":"https:\/\/translationexcellence.com\/es\/servicios-de-traduccion-empresarial-y-de-recursos-humanos\/","title":{"rendered":"Servicios de traducci\u00f3n empresarial y de recursos humanos"},"content":{"rendered":"\t\t<div data-elementor-type=\"wp-page\" data-elementor-id=\"17947\" class=\"elementor elementor-17947 elementor-8418\" data-elementor-post-type=\"page\">\n\t\t\t\t\t\t<section class=\"elementor-section elementor-top-section elementor-element elementor-element-75272c3 elementor-section-full_width elementor-section-stretched homebanner elementor-section-height-default elementor-section-height-default\" data-id=\"75272c3\" data-element_type=\"section\" data-e-type=\"section\" data-settings=\"{&quot;stretch_section&quot;:&quot;section-stretched&quot;,&quot;background_background&quot;:&quot;slideshow&quot;,&quot;background_slideshow_gallery&quot;:[],&quot;background_slideshow_slide_duration&quot;:5000,&quot;background_slideshow_slide_transition&quot;:&quot;fade&quot;,&quot;background_slideshow_transition_duration&quot;:500}\">\n\t\t\t\t\t\t<div class=\"elementor-container elementor-column-gap-default\">\n\t\t\t\t\t<div class=\"elementor-column elementor-col-100 elementor-top-column elementor-element elementor-element-39423d5\" data-id=\"39423d5\" data-element_type=\"column\" data-e-type=\"column\" data-settings=\"{&quot;background_background&quot;:&quot;classic&quot;}\">\n\t\t\t<div class=\"elementor-widget-wrap elementor-element-populated\">\n\t\t\t\t\t<div class=\"elementor-background-overlay\"><\/div>\n\t\t\t\t\t\t<section class=\"elementor-section elementor-inner-section elementor-element elementor-element-eaab198 elementor-section-height-min-height elementor-section-boxed elementor-section-height-default\" data-id=\"eaab198\" data-element_type=\"section\" data-e-type=\"section\">\n\t\t\t\t\t\t<div class=\"elementor-container elementor-column-gap-default\">\n\t\t\t\t\t<div class=\"elementor-column elementor-col-50 elementor-inner-column elementor-element elementor-element-0ba2c2b\" data-id=\"0ba2c2b\" data-element_type=\"column\" data-e-type=\"column\">\n\t\t\t<div class=\"elementor-widget-wrap elementor-element-populated\">\n\t\t\t\t\t\t<div class=\"elementor-element elementor-element-72b22a6 elementor-widget elementor-widget-heading\" data-id=\"72b22a6\" data-element_type=\"widget\" data-e-type=\"widget\" data-widget_type=\"heading.default\">\n\t\t\t\t<div class=\"elementor-widget-container\">\n\t\t\t\t\t<h1 class=\"elementor-heading-title elementor-size-default\">Servicios de traducci\u00f3n empresarial y de recursos humanos<\/h1>\t\t\t\t<\/div>\n\t\t\t\t<\/div>\n\t\t\t\t<section class=\"elementor-section elementor-inner-section elementor-element elementor-element-c2b51bf elementor-section-full_width elementor-section-content-middle elementor-section-height-default elementor-section-height-default\" data-id=\"c2b51bf\" data-element_type=\"section\" data-e-type=\"section\">\n\t\t\t\t\t\t<div class=\"elementor-container elementor-column-gap-no\">\n\t\t\t\t\t<div class=\"elementor-column elementor-col-50 elementor-inner-column elementor-element elementor-element-520edc0 topheadercss\" data-id=\"520edc0\" data-element_type=\"column\" data-e-type=\"column\">\n\t\t\t<div class=\"elementor-widget-wrap elementor-element-populated\">\n\t\t\t\t\t\t<div class=\"elementor-element elementor-element-09cc3fa elementor-align-left elementor-widget elementor-widget-button\" data-id=\"09cc3fa\" data-element_type=\"widget\" data-e-type=\"widget\" data-widget_type=\"button.default\">\n\t\t\t\t<div class=\"elementor-widget-container\">\n\t\t\t\t\t\t\t\t\t<div class=\"elementor-button-wrapper\">\n\t\t\t\t\t<a class=\"elementor-button elementor-button-link elementor-size-md\" href=\"#\">\n\t\t\t\t\t\t<span class=\"elementor-button-content-wrapper\">\n\t\t\t\t\t\t\t\t\t<span class=\"elementor-button-text\">Ponte en contacto<\/span>\n\t\t\t\t\t<\/span>\n\t\t\t\t\t<\/a>\n\t\t\t\t<\/div>\n\t\t\t\t\t\t\t\t<\/div>\n\t\t\t\t<\/div>\n\t\t\t\t\t<\/div>\n\t\t<\/div>\n\t\t\t\t<div class=\"elementor-column elementor-col-50 elementor-inner-column elementor-element elementor-element-3353ff0\" data-id=\"3353ff0\" data-element_type=\"column\" data-e-type=\"column\">\n\t\t\t<div class=\"elementor-widget-wrap elementor-element-populated\">\n\t\t\t\t\t\t<div class=\"elementor-element elementor-element-508291d elementor-align-left elementor-widget elementor-widget-button\" data-id=\"508291d\" data-element_type=\"widget\" data-e-type=\"widget\" data-widget_type=\"button.default\">\n\t\t\t\t<div class=\"elementor-widget-container\">\n\t\t\t\t\t\t\t\t\t<div class=\"elementor-button-wrapper\">\n\t\t\t\t\t<a class=\"elementor-button elementor-button-link elementor-size-md\" href=\"https:\/\/translationexcellence1.zohobookings.com\/#\/customer\/translationexcellence\" target=\"_blank\">\n\t\t\t\t\t\t<span class=\"elementor-button-content-wrapper\">\n\t\t\t\t\t\t\t\t\t<span class=\"elementor-button-text\">Reserve una consulta GRATUITA con un <br>Experto en servicios ling\u00fc\u00edsticos<\/span>\n\t\t\t\t\t<\/span>\n\t\t\t\t\t<\/a>\n\t\t\t\t<\/div>\n\t\t\t\t\t\t\t\t<\/div>\n\t\t\t\t<\/div>\n\t\t\t\t\t<\/div>\n\t\t<\/div>\n\t\t\t\t\t<\/div>\n\t\t<\/section>\n\t\t\t\t\t<\/div>\n\t\t<\/div>\n\t\t\t\t<div class=\"elementor-column elementor-col-50 elementor-inner-column elementor-element elementor-element-601285b\" data-id=\"601285b\" data-element_type=\"column\" data-e-type=\"column\">\n\t\t\t<div class=\"elementor-widget-wrap\">\n\t\t\t\t\t\t\t<\/div>\n\t\t<\/div>\n\t\t\t\t\t<\/div>\n\t\t<\/section>\n\t\t\t\t\t<\/div>\n\t\t<\/div>\n\t\t\t\t\t<\/div>\n\t\t<\/section>\n\t\t\t\t<section class=\"elementor-section elementor-top-section elementor-element elementor-element-4f3f516 elementor-section-full_width elementor-section-stretched elementor-section-height-default elementor-section-height-default\" data-id=\"4f3f516\" data-element_type=\"section\" data-e-type=\"section\" data-settings=\"{&quot;stretch_section&quot;:&quot;section-stretched&quot;,&quot;background_background&quot;:&quot;classic&quot;}\">\n\t\t\t\t\t\t<div class=\"elementor-container elementor-column-gap-default\">\n\t\t\t\t\t<div class=\"elementor-column elementor-col-100 elementor-top-column elementor-element elementor-element-57f97b7\" data-id=\"57f97b7\" data-element_type=\"column\" data-e-type=\"column\">\n\t\t\t<div class=\"elementor-widget-wrap elementor-element-populated\">\n\t\t\t\t\t\t<div class=\"elementor-element elementor-element-552ab49 elementor-widget elementor-widget-text-editor\" data-id=\"552ab49\" data-element_type=\"widget\" data-e-type=\"widget\" data-widget_type=\"text-editor.default\">\n\t\t\t\t<div class=\"elementor-widget-container\">\n\t\t\t\t\t\t\t\t\t<p>Servicios de traducci\u00f3n para profesionales de negocios<\/p>\n\t\t\t\t\t\t\t\t<\/div>\n\t\t\t\t<\/div>\n\t\t\t\t\t<\/div>\n\t\t<\/div>\n\t\t\t\t\t<\/div>\n\t\t<\/section>\n\t\t\t\t<section class=\"elementor-section elementor-top-section elementor-element elementor-element-c5d7d10 services_section elementor-section-boxed elementor-section-height-default elementor-section-height-default\" data-id=\"c5d7d10\" data-element_type=\"section\" data-e-type=\"section\">\n\t\t\t\t\t\t<div class=\"elementor-container elementor-column-gap-default\">\n\t\t\t\t\t<div class=\"elementor-column elementor-col-100 elementor-top-column elementor-element elementor-element-e4db3d2\" data-id=\"e4db3d2\" data-element_type=\"column\" data-e-type=\"column\">\n\t\t\t<div class=\"elementor-widget-wrap elementor-element-populated\">\n\t\t\t\t\t\t<section class=\"elementor-section elementor-inner-section elementor-element elementor-element-b01e5c8 elementor-section-boxed elementor-section-height-default elementor-section-height-default\" data-id=\"b01e5c8\" data-element_type=\"section\" data-e-type=\"section\">\n\t\t\t\t\t\t<div class=\"elementor-container elementor-column-gap-default\">\n\t\t\t\t\t<div class=\"elementor-column elementor-col-100 elementor-inner-column elementor-element elementor-element-23dfd2e\" data-id=\"23dfd2e\" data-element_type=\"column\" data-e-type=\"column\">\n\t\t\t<div class=\"elementor-widget-wrap elementor-element-populated\">\n\t\t\t\t\t\t<div class=\"elementor-element elementor-element-c6c2b80 elementor-widget elementor-widget-text-editor\" data-id=\"c6c2b80\" data-element_type=\"widget\" data-e-type=\"widget\" data-widget_type=\"text-editor.default\">\n\t\t\t\t<div class=\"elementor-widget-container\">\n\t\t\t\t\t\t\t\t\t<p>Ya sea que su empresa tenga 50 o 5000 empleados, una comunicaci\u00f3n eficiente y precisa es crucial. Desde una mala comprensi\u00f3n de los objetivos de la empresa hasta la mala interpretaci\u00f3n de un contrato importante, las barreras ling\u00fc\u00edsticas en el departamento de recursos humanos pueden ser muy graves. En Translation Excellence, entendemos las frustraciones que pueden resultar de una falta de comunicaci\u00f3n. Queremos que su negocio funcione de la mejor manera posible y estamos dedicados a ayudarlo a llegar a todos y cada uno de los empleados, independientemente del idioma.<\/p>\n\t\t\t\t\t\t\t\t<\/div>\n\t\t\t\t<\/div>\n\t\t\t\t<div class=\"elementor-element elementor-element-f1c38d7 elementor-widget elementor-widget-text-editor\" data-id=\"f1c38d7\" data-element_type=\"widget\" data-e-type=\"widget\" data-widget_type=\"text-editor.default\">\n\t\t\t\t<div class=\"elementor-widget-container\">\n\t\t\t\t\t\t\t\t\tEjemplos de documentos de recursos humanos (RRHH) pueden incluir:\n<ul class=\"ul-image-pos\">\n<li>Solicitudes de empleo<\/li>\n<li>Materiales del sitio web<\/li>\n<li>manuales de seguridad en el trabajo<\/li>\n<li>Contratos y formularios<\/li>\n<li>Revisiones de desempe\u00f1o<\/li>\n<li>manuales de empleados<\/li>\n<li>Planes de seguros y beneficios.<\/li>\n<\/ul>\t\t\t\t\t\t\t\t<\/div>\n\t\t\t\t<\/div>\n\t\t\t\t<div class=\"elementor-element elementor-element-1fe4884 elementor-widget elementor-widget-text-editor\" data-id=\"1fe4884\" data-element_type=\"widget\" data-e-type=\"widget\" data-widget_type=\"text-editor.default\">\n\t\t\t\t<div class=\"elementor-widget-container\">\n\t\t\t\t\t\t\t\t\t<p>Quiz\u00e1s opere en una regi\u00f3n multiling\u00fce y desee atraer empleados de diversos or\u00edgenes ling\u00fc\u00edsticos. Es posible que est\u00e9 en el proceso de expandirse al extranjero y le gustar\u00eda traducir memorandos y boletines para que sean accesibles a todos los trabajadores. Todos los ling\u00fcistas de Translation Excellence dominan al menos dos idiomas. Dependiendo de la zona en la que se encuentre su empresa, encontraremos un traductor adecuado que est\u00e9 familiarizado con las normas culturales y ling\u00fc\u00edsticas espec\u00edficas de la regi\u00f3n. Si est\u00e1 pensando en expandirse a Brasil, por ejemplo, le proporcionaremos un ling\u00fcista con amplia experiencia en portugu\u00e9s brasile\u00f1o. Adem\u00e1s, cada traductor se especializa en un campo particular y seleccionaremos un traductor familiarizado con los documentos de recursos humanos y los desaf\u00edos que presentan.<\/p>\n\t\t\t\t\t\t\t\t<\/div>\n\t\t\t\t<\/div>\n\t\t\t\t<div class=\"elementor-element elementor-element-933c6eb elementor-widget elementor-widget-text-editor\" data-id=\"933c6eb\" data-element_type=\"widget\" data-e-type=\"widget\" data-widget_type=\"text-editor.default\">\n\t\t\t\t<div class=\"elementor-widget-container\">\n\t\t\t\t\t\t\t\t\t<p>No puede permitirse el lujo de correr el riesgo de tener problemas de comunicaci\u00f3n, as\u00ed que \u00bfpor qu\u00e9 dejarlo en manos del azar? El papeleo no tiene por qu\u00e9 ser frustrante; perm\u00edtanos resolver cualquier complicaci\u00f3n no deseada eliminando la brecha ling\u00fc\u00edstica entre usted y sus empleados. \u00a1Nuestros ling\u00fcistas certificados est\u00e1n listos para ayudarlo a comunicarse en m\u00e1s de 135 idiomas diferentes!<\/p>\n\t\t\t\t\t\t\t\t<\/div>\n\t\t\t\t<\/div>\n\t\t\t\t<div class=\"elementor-element elementor-element-f4bc2fb elementor-widget elementor-widget-text-editor\" data-id=\"f4bc2fb\" data-element_type=\"widget\" data-e-type=\"widget\" data-widget_type=\"text-editor.default\">\n\t\t\t\t<div class=\"elementor-widget-container\">\n\t\t\t\t\t\t\t\t\t<p>\u00bfNecesitas servicios de traducci\u00f3n en tu departamento de recursos humanos? Please <a title=\"Solicitar presupuesto\" href=\"https:\/\/translationexcellence.com\/es\/contacte-con-nosotros-2\/solicitar-presupuesto\/\">click here to fill out our online quote request form<\/a> or give us a call at <strong>877.409.6737<\/strong> or <strong>720.325.0459<\/strong> to receive a free quote within 30 minutes.<\/p>\n\t\t\t\t\t\t\t\t<\/div>\n\t\t\t\t<\/div>\n\t\t\t\t\t<\/div>\n\t\t<\/div>\n\t\t\t\t\t<\/div>\n\t\t<\/section>\n\t\t\t\t\t<\/div>\n\t\t<\/div>\n\t\t\t\t\t<\/div>\n\t\t<\/section>\n\t\t\t\t<\/div>\n\t\t","protected":false},"excerpt":{"rendered":"<p>Servicios de traducci\u00f3n empresarial y de recursos humanos Ponte en contacto Reserve una consulta GRATUITA con un Experto en servicios ling\u00fc\u00edsticos Servicios de traducci\u00f3n para profesionales de negocios Ya sea que su empresa tenga 50 o 5000 empleados, una comunicaci\u00f3n eficiente y precisa es crucial. Desde una mala comprensi\u00f3n de los objetivos de la empresa<\/p>\n<p class=\"read-more\"> <a class=\"moretag\" href=\"https:\/\/translationexcellence.com\/es\/servicios-de-traduccion-empresarial-y-de-recursos-humanos\/\"><span class=\"screen-reader-text\">Servicios de traducci\u00f3n empresarial y de recursos humanos<\/span>Read More<\/a><\/p>\n","protected":false},"author":1,"featured_media":0,"parent":0,"menu_order":0,"comment_status":"open","ping_status":"open","template":"","meta":{"_acf_changed":false,"site-sidebar-layout":"no-sidebar","site-content-layout":"plain-container","ast-site-content-layout":"normal-width-container","site-content-style":"unboxed","site-sidebar-style":"unboxed","ast-global-header-display":"","ast-banner-title-visibility":"","ast-main-header-display":"","ast-hfb-above-header-display":"","ast-hfb-below-header-display":"","ast-hfb-mobile-header-display":"","site-post-title":"disabled","ast-breadcrumbs-content":"","ast-featured-img":"","footer-sml-layout":"","ast-disable-related-posts":"","theme-transparent-header-meta":"enabled","adv-header-id-meta":"","stick-header-meta":"","header-above-stick-meta":"","header-main-stick-meta":"","header-below-stick-meta":"","astra-migrate-meta-layouts":"set","ast-page-background-enabled":"default","ast-page-background-meta":{"desktop":{"background-color":"var(--ast-global-color-4)","background-image":"","background-repeat":"repeat","background-position":"center center","background-size":"auto","background-attachment":"scroll","background-type":"","background-media":"","overlay-type":"","overlay-color":"","overlay-opacity":"","overlay-gradient":""},"tablet":{"background-color":"","background-image":"","background-repeat":"repeat","background-position":"center center","background-size":"auto","background-attachment":"scroll","background-type":"","background-media":"","overlay-type":"","overlay-color":"","overlay-opacity":"","overlay-gradient":""},"mobile":{"background-color":"","background-image":"","background-repeat":"repeat","background-position":"center center","background-size":"auto","background-attachment":"scroll","background-type":"","background-media":"","overlay-type":"","overlay-color":"","overlay-opacity":"","overlay-gradient":""}},"ast-content-background-meta":{"desktop":{"background-color":"var(--ast-global-color-5)","background-image":"","background-repeat":"repeat","background-position":"center center","background-size":"auto","background-attachment":"scroll","background-type":"","background-media":"","overlay-type":"","overlay-color":"","overlay-opacity":"","overlay-gradient":""},"tablet":{"background-color":"var(--ast-global-color-5)","background-image":"","background-repeat":"repeat","background-position":"center center","background-size":"auto","background-attachment":"scroll","background-type":"","background-media":"","overlay-type":"","overlay-color":"","overlay-opacity":"","overlay-gradient":""},"mobile":{"background-color":"var(--ast-global-color-5)","background-image":"","background-repeat":"repeat","background-position":"center center","background-size":"auto","background-attachment":"scroll","background-type":"","background-media":"","overlay-type":"","overlay-color":"","overlay-opacity":"","overlay-gradient":""}},"footnotes":""},"class_list":["post-17947","page","type-page","status-publish","hentry"],"acf":[],"yoast_head":"<!-- This site is optimized with the Yoast SEO plugin v27.2 - https:\/\/yoast.com\/product\/yoast-seo-wordpress\/ -->\n<title>Traducci\u00f3n empresarial y de recursos humanos | TE<\/title>\n<meta name=\"description\" content=\"Facilitamos la comunicaci\u00f3n efectiva en entornos empresariales y de recursos humanos, conectando con precisi\u00f3n y culturalmente a trav\u00e9s de nuestros servicios de traducci\u00f3n.\" \/>\n<meta name=\"robots\" content=\"index, follow, max-snippet:-1, max-image-preview:large, max-video-preview:-1\" \/>\n<link rel=\"canonical\" href=\"https:\/\/translationexcellence.com\/es\/servicios-de-traduccion-empresarial-y-de-recursos-humanos\/\" \/>\n<meta property=\"og:locale\" content=\"es_ES\" \/>\n<meta property=\"og:type\" content=\"article\" \/>\n<meta property=\"og:title\" content=\"Traducci\u00f3n empresarial y de recursos humanos | TE\" \/>\n<meta property=\"og:description\" content=\"Facilitamos la comunicaci\u00f3n efectiva en entornos empresariales y de recursos humanos, conectando con precisi\u00f3n y culturalmente a trav\u00e9s de nuestros servicios de traducci\u00f3n.\" \/>\n<meta property=\"og:url\" content=\"https:\/\/translationexcellence.com\/es\/servicios-de-traduccion-empresarial-y-de-recursos-humanos\/\" \/>\n<meta property=\"og:site_name\" content=\"Translation Excellence\" \/>\n<meta property=\"article:modified_time\" content=\"2026-04-06T15:07:52+00:00\" \/>\n<meta name=\"twitter:card\" content=\"summary_large_image\" \/>\n<meta name=\"twitter:label1\" content=\"Tiempo de lectura\" \/>\n\t<meta name=\"twitter:data1\" content=\"2 minutos\" \/>\n<script type=\"application\/ld+json\" class=\"yoast-schema-graph\">{\"@context\":\"https:\/\/schema.org\",\"@graph\":[{\"@type\":\"WebPage\",\"@id\":\"https:\/\/translationexcellence.com\/es\/servicios-de-traduccion-empresarial-y-de-recursos-humanos\/\",\"url\":\"https:\/\/translationexcellence.com\/es\/servicios-de-traduccion-empresarial-y-de-recursos-humanos\/\",\"name\":\"Traducci\u00f3n empresarial y de recursos humanos | TE\",\"isPartOf\":{\"@id\":\"https:\/\/translationexcellence.com\/es\/#website\"},\"datePublished\":\"2023-08-18T04:38:58+00:00\",\"dateModified\":\"2026-04-06T15:07:52+00:00\",\"description\":\"Facilitamos la comunicaci\u00f3n efectiva en entornos empresariales y de recursos humanos, conectando con precisi\u00f3n y culturalmente a trav\u00e9s de nuestros servicios de traducci\u00f3n.\",\"breadcrumb\":{\"@id\":\"https:\/\/translationexcellence.com\/es\/servicios-de-traduccion-empresarial-y-de-recursos-humanos\/#breadcrumb\"},\"inLanguage\":\"es\",\"potentialAction\":[{\"@type\":\"ReadAction\",\"target\":[\"https:\/\/translationexcellence.com\/es\/servicios-de-traduccion-empresarial-y-de-recursos-humanos\/\"]}]},{\"@type\":\"BreadcrumbList\",\"@id\":\"https:\/\/translationexcellence.com\/es\/servicios-de-traduccion-empresarial-y-de-recursos-humanos\/#breadcrumb\",\"itemListElement\":[{\"@type\":\"ListItem\",\"position\":1,\"name\":\"Home\",\"item\":\"https:\/\/translationexcellence.com\/es\/\"},{\"@type\":\"ListItem\",\"position\":2,\"name\":\"Servicios de traducci\u00f3n empresarial y de recursos humanos\"}]},{\"@type\":\"WebSite\",\"@id\":\"https:\/\/translationexcellence.com\/es\/#website\",\"url\":\"https:\/\/translationexcellence.com\/es\/\",\"name\":\"Translation Excellence\",\"description\":\"\",\"publisher\":{\"@id\":\"https:\/\/translationexcellence.com\/es\/#organization\"},\"potentialAction\":[{\"@type\":\"SearchAction\",\"target\":{\"@type\":\"EntryPoint\",\"urlTemplate\":\"https:\/\/translationexcellence.com\/es\/?s={search_term_string}\"},\"query-input\":{\"@type\":\"PropertyValueSpecification\",\"valueRequired\":true,\"valueName\":\"search_term_string\"}}],\"inLanguage\":\"es\"},{\"@type\":\"Organization\",\"@id\":\"https:\/\/translationexcellence.com\/es\/#organization\",\"name\":\"Translation Excellence\",\"url\":\"https:\/\/translationexcellence.com\/es\/\",\"logo\":{\"@type\":\"ImageObject\",\"inLanguage\":\"es\",\"@id\":\"https:\/\/translationexcellence.com\/es\/#\/schema\/logo\/image\/\",\"url\":\"https:\/\/translationexcellence.com\/wp-content\/uploads\/2023\/07\/Image-1.png\",\"contentUrl\":\"https:\/\/translationexcellence.com\/wp-content\/uploads\/2023\/07\/Image-1.png\",\"width\":274,\"height\":80,\"caption\":\"Translation Excellence\"},\"image\":{\"@id\":\"https:\/\/translationexcellence.com\/es\/#\/schema\/logo\/image\/\"}}]}<\/script>\n<!-- \/ Yoast SEO plugin. -->","yoast_head_json":{"title":"Traducci\u00f3n empresarial y de recursos humanos | TE","description":"Facilitamos la comunicaci\u00f3n efectiva en entornos empresariales y de recursos humanos, conectando con precisi\u00f3n y culturalmente a trav\u00e9s de nuestros servicios de traducci\u00f3n.","robots":{"index":"index","follow":"follow","max-snippet":"max-snippet:-1","max-image-preview":"max-image-preview:large","max-video-preview":"max-video-preview:-1"},"canonical":"https:\/\/translationexcellence.com\/es\/servicios-de-traduccion-empresarial-y-de-recursos-humanos\/","og_locale":"es_ES","og_type":"article","og_title":"Traducci\u00f3n empresarial y de recursos humanos | TE","og_description":"Facilitamos la comunicaci\u00f3n efectiva en entornos empresariales y de recursos humanos, conectando con precisi\u00f3n y culturalmente a trav\u00e9s de nuestros servicios de traducci\u00f3n.","og_url":"https:\/\/translationexcellence.com\/es\/servicios-de-traduccion-empresarial-y-de-recursos-humanos\/","og_site_name":"Translation Excellence","article_modified_time":"2026-04-06T15:07:52+00:00","twitter_card":"summary_large_image","twitter_misc":{"Tiempo de lectura":"2 minutos"},"schema":{"@context":"https:\/\/schema.org","@graph":[{"@type":"WebPage","@id":"https:\/\/translationexcellence.com\/es\/servicios-de-traduccion-empresarial-y-de-recursos-humanos\/","url":"https:\/\/translationexcellence.com\/es\/servicios-de-traduccion-empresarial-y-de-recursos-humanos\/","name":"Traducci\u00f3n empresarial y de recursos humanos | TE","isPartOf":{"@id":"https:\/\/translationexcellence.com\/es\/#website"},"datePublished":"2023-08-18T04:38:58+00:00","dateModified":"2026-04-06T15:07:52+00:00","description":"Facilitamos la comunicaci\u00f3n efectiva en entornos empresariales y de recursos humanos, conectando con precisi\u00f3n y culturalmente a trav\u00e9s de nuestros servicios de traducci\u00f3n.","breadcrumb":{"@id":"https:\/\/translationexcellence.com\/es\/servicios-de-traduccion-empresarial-y-de-recursos-humanos\/#breadcrumb"},"inLanguage":"es","potentialAction":[{"@type":"ReadAction","target":["https:\/\/translationexcellence.com\/es\/servicios-de-traduccion-empresarial-y-de-recursos-humanos\/"]}]},{"@type":"BreadcrumbList","@id":"https:\/\/translationexcellence.com\/es\/servicios-de-traduccion-empresarial-y-de-recursos-humanos\/#breadcrumb","itemListElement":[{"@type":"ListItem","position":1,"name":"Home","item":"https:\/\/translationexcellence.com\/es\/"},{"@type":"ListItem","position":2,"name":"Servicios de traducci\u00f3n empresarial y de recursos humanos"}]},{"@type":"WebSite","@id":"https:\/\/translationexcellence.com\/es\/#website","url":"https:\/\/translationexcellence.com\/es\/","name":"Translation Excellence","description":"","publisher":{"@id":"https:\/\/translationexcellence.com\/es\/#organization"},"potentialAction":[{"@type":"SearchAction","target":{"@type":"EntryPoint","urlTemplate":"https:\/\/translationexcellence.com\/es\/?s={search_term_string}"},"query-input":{"@type":"PropertyValueSpecification","valueRequired":true,"valueName":"search_term_string"}}],"inLanguage":"es"},{"@type":"Organization","@id":"https:\/\/translationexcellence.com\/es\/#organization","name":"Translation Excellence","url":"https:\/\/translationexcellence.com\/es\/","logo":{"@type":"ImageObject","inLanguage":"es","@id":"https:\/\/translationexcellence.com\/es\/#\/schema\/logo\/image\/","url":"https:\/\/translationexcellence.com\/wp-content\/uploads\/2023\/07\/Image-1.png","contentUrl":"https:\/\/translationexcellence.com\/wp-content\/uploads\/2023\/07\/Image-1.png","width":274,"height":80,"caption":"Translation Excellence"},"image":{"@id":"https:\/\/translationexcellence.com\/es\/#\/schema\/logo\/image\/"}}]}},"_links":{"self":[{"href":"https:\/\/translationexcellence.com\/es\/wp-json\/wp\/v2\/pages\/17947","targetHints":{"allow":["GET"]}}],"collection":[{"href":"https:\/\/translationexcellence.com\/es\/wp-json\/wp\/v2\/pages"}],"about":[{"href":"https:\/\/translationexcellence.com\/es\/wp-json\/wp\/v2\/types\/page"}],"author":[{"embeddable":true,"href":"https:\/\/translationexcellence.com\/es\/wp-json\/wp\/v2\/users\/1"}],"replies":[{"embeddable":true,"href":"https:\/\/translationexcellence.com\/es\/wp-json\/wp\/v2\/comments?post=17947"}],"version-history":[{"count":0,"href":"https:\/\/translationexcellence.com\/es\/wp-json\/wp\/v2\/pages\/17947\/revisions"}],"wp:attachment":[{"href":"https:\/\/translationexcellence.com\/es\/wp-json\/wp\/v2\/media?parent=17947"}],"curies":[{"name":"wp","href":"https:\/\/api.w.org\/{rel}","templated":true}]}}